{"id":4456,"date":"2020-11-24T11:42:26","date_gmt":"2020-11-24T11:42:26","guid":{"rendered":"https:\/\/coral-lyrebird-819743.hostingersite.com\/?page_id=4456"},"modified":"2023-06-08T22:18:56","modified_gmt":"2023-06-08T22:18:56","slug":"dormitor","status":"publish","type":"page","link":"https:\/\/sevini.md\/en\/dormitor\/","title":{"rendered":"Bedrooms"},"content":{"rendered":"<div  class=\"vc_row wpb_row vc_row-fluid vc_custom_1553274330691 up_bg_fix  up_over_pos\"><div class=\"up_overlay\" style=\"background-color:rgba(65,72,78,0.88)\"><\/div><div class=\"vc_container\"><div class=\"wpb_column vc_column_container vc_col-sm-12\"><div class=\"vc_column-inner\"><div class=\"wpb_wrapper\"><div class=\"vc_row wpb_row vc_inner vc_row-fluid\"><div class=\"wpb_column vc_column_container vc_col-sm-8\"><div class=\"vc_column-inner\"><div class=\"wpb_wrapper\"><div class=\"vc_empty_space\"   style=\"height: 125px;min-height:40px\" ><span class=\"vc_empty_space_inner\"><\/span><\/div>\n\n\t<div  class=\"wpb_single_image wpb_content_element vc_align_left\">\n\t\t\n\t\t<figure class=\"wpb_wrapper vc_figure\">\n\t\t\t<div class=\"vc_single_image-wrapper   vc_box_border_grey\"><img fetchpriority=\"high\" decoding=\"async\" width=\"1920\" height=\"1043\" src=\"https:\/\/sevini.md\/wp-content\/uploads\/2023\/06\/001_View020000-gigapixel-art-scale-4_00x.png.webp\" class=\"vc_single_image-img attachment-full\" alt=\"\" srcset=\"https:\/\/sevini.md\/wp-content\/uploads\/2023\/06\/001_View020000-gigapixel-art-scale-4_00x.png.webp 1920w, https:\/\/sevini.md\/wp-content\/uploads\/2023\/06\/001_View020000-gigapixel-art-scale-4_00x.png-300x163.webp 300w, https:\/\/sevini.md\/wp-content\/uploads\/2023\/06\/001_View020000-gigapixel-art-scale-4_00x.png-1024x556.webp 1024w, https:\/\/sevini.md\/wp-content\/uploads\/2023\/06\/001_View020000-gigapixel-art-scale-4_00x.png-768x417.webp 768w, https:\/\/sevini.md\/wp-content\/uploads\/2023\/06\/001_View020000-gigapixel-art-scale-4_00x.png-1536x834.webp 1536w, https:\/\/sevini.md\/wp-content\/uploads\/2023\/06\/001_View020000-gigapixel-art-scale-4_00x.png-200x109.webp 200w\" sizes=\"(max-width: 1920px) 100vw, 1920px\" \/><\/div>\n\t\t<\/figure>\n\t<\/div>\n<\/div><\/div><\/div><div class=\"wpb_column vc_column_container vc_col-sm-4\"><div class=\"vc_column-inner\"><div class=\"wpb_wrapper\"><div class=\"vc_empty_space\"   style=\"height: 110px;min-height:40px\" ><span class=\"vc_empty_space_inner\"><\/span><\/div>\n<h6 style=\"color: #ffffff;text-align: left\" class=\"vc_custom_heading tin vc_custom_1553273505716\" ><\/h6><h2 style=\"color: #ffffff;text-align: left\" class=\"vc_custom_heading tin vc_custom_1554749578350\" >Bespoke bedrooms<br \/>\nindividual projects.<\/h2><div class=\"sep_iner\"><div class=\"up_separator sep_border\" style=\"margin-top:10px;margin-bottom:15px;width:62px;border-color:#d5ac63;border-width:3px;\"><\/div><\/div><h3 style=\"font-size: 21px;color: #ffffff;line-height: 27px;text-align: left\" class=\"vc_custom_heading vc_custom_1554749599565\" >Looking for new bedroom furniture?<\/h3>\n\t<div class=\"wpb_text_column wpb_content_element\" >\n\t\t<div class=\"wpb_wrapper\">\n\t\t\t<p><span style=\"color: #ffffff;\">SEVINI creates custom-made bedroom furniture in various styles, colors and textures that will meet all your needs, room characteristics and financial capabilities.<\/span><\/p>\n\n\t\t<\/div>\n\t<\/div>\n<div class=\"vc_empty_space\"   style=\"height: 40px;min-height:35px\" ><span class=\"vc_empty_space_inner\"><\/span><\/div>\n<div class=\"upbtnposition\"  ><a class=\"up-button\" title=\"Find out more\" href=\"https:\/\/coral-lyrebird-819743.hostingersite.com\/despre-noi\/\"><span>Find out more<\/span><\/a><\/div>\n<div class=\"vc_empty_space\"   style=\"height: 100px;min-height:40px\" ><span class=\"vc_empty_space_inner\"><\/span><\/div>\n<\/div><\/div><\/div><\/div><\/div><\/div><\/div><\/div><\/div><div  class=\"vc_row wpb_row vc_row-fluid shadow vc_custom_1553273895023\"><div class=\"vc_container\"><div class=\"wpb_column vc_column_container vc_col-sm-3\"><div class=\"vc_column-inner\"><div class=\"wpb_wrapper\"><div class=\"vc_empty_space\"   style=\"height: 65px;min-height:35px\" ><span class=\"vc_empty_space_inner\"><\/span><\/div>\n<div class=\"ic-inner\"><div class=\"icon-holder\"><div class=\"circle-text\"  style='color:#ffffff;background: #34393f;border-color: #34393f;'><i class=\"fa ti-headphone-alt\"><\/i><\/div><\/div><div class=\"text-holder\"><h4  style='color:#ffffff;'>Customer support<\/h4><p><span style=\"color: #bdbdbd;\">Online consultation on services offered.<\/span><\/p>\n<\/div><\/div><div class=\"vc_empty_space\"   style=\"height: 65px\" ><span class=\"vc_empty_space_inner\"><\/span><\/div>\n<\/div><\/div><\/div><div class=\"wpb_column vc_column_container vc_col-sm-3\"><div class=\"vc_column-inner\"><div class=\"wpb_wrapper\"><div class=\"vc_empty_space\"   style=\"height: 65px\" ><span class=\"vc_empty_space_inner\"><\/span><\/div>\n<div class=\"ic-inner\"><div class=\"icon-holder\"><div class=\"circle-text\"  style='color:#ffffff;background: #34393f;border-color: #34393f;'><i class=\"fa ti-package\"><\/i><\/div><\/div><div class=\"text-holder\"><h4  style='color:#ffffff;'>Skilled workers<\/h4><p><span style=\"color: #bdbdbd;\">Outstanding performance and experience.<\/span><\/p>\n<\/div><\/div><div class=\"vc_empty_space\"   style=\"height: 65px\" ><span class=\"vc_empty_space_inner\"><\/span><\/div>\n<\/div><\/div><\/div><div class=\"wpb_column vc_column_container vc_col-sm-3\"><div class=\"vc_column-inner\"><div class=\"wpb_wrapper\"><div class=\"vc_empty_space\"   style=\"height: 65px\" ><span class=\"vc_empty_space_inner\"><\/span><\/div>\n<div class=\"ic-inner\"><div class=\"icon-holder\"><div class=\"circle-text\"  style='color:#ffffff;background: #34393f;border-color: #34393f;'><i class=\"fa ti-shield\"><\/i><\/div><\/div><div class=\"text-holder\"><h4  style='color:#ffffff;'>Excellent exploitation<\/h4><p><span style=\"color: #bdbdbd;\">Functionality and impeccable looks that last.<\/span><\/p>\n<\/div><\/div><div class=\"vc_empty_space\"   style=\"height: 65px\" ><span class=\"vc_empty_space_inner\"><\/span><\/div>\n<\/div><\/div><\/div><div class=\"wpb_column vc_column_container vc_col-sm-3\"><div class=\"vc_column-inner\"><div class=\"wpb_wrapper\"><div class=\"vc_empty_space\"   style=\"height: 65px\" ><span class=\"vc_empty_space_inner\"><\/span><\/div>\n<div class=\"ic-inner\"><div class=\"icon-holder\"><div class=\"circle-text\"  style='color:#ffffff;background: #34393f;border-color: #34393f;'><i class=\"fa ti-cup\"><\/i><\/div><\/div><div class=\"text-holder\"><h4  style='color:#ffffff;'>Top reputation<\/h4><p><span style=\"color: #bdbdbd;\">Hundreds of successful projects.<\/span><\/p>\n<\/div><\/div><div class=\"vc_empty_space\"   style=\"height: 65px;min-height:35px\" ><span class=\"vc_empty_space_inner\"><\/span><\/div>\n<\/div><\/div><\/div><\/div><\/div><div  class=\"vc_row wpb_row vc_row-fluid\"><div class=\"vc_container\"><div class=\"wpb_column vc_column_container vc_col-sm-12\" id=\"galeries\"><div class=\"vc_column-inner\"><div class=\"wpb_wrapper\"><div class=\"vc_empty_space\"   style=\"height: 80px\" ><span class=\"vc_empty_space_inner\"><\/span><\/div>\n<h2 style=\"font-size: 28px;line-height: 28px;text-align: center\" class=\"vc_custom_heading\" >Finalized projects<\/h2><div class=\"vc_empty_space\"   style=\"height: 65px\" ><span class=\"vc_empty_space_inner\"><\/span><\/div>\n<\/div><\/div><\/div><\/div><\/div><div  class=\"vc_row wpb_row vc_row-fluid grid__general-three\"><div class=\"vc_container\"><div class=\"wpb_column vc_column_container vc_col-sm-12\"><div class=\"vc_column-inner\"><div class=\"wpb_wrapper\">\n<div class=\"vc_grid-container-wrapper vc_clearfix\">\n\t<div class=\"vc_grid-container vc_clearfix wpb_content_element vc_masonry_media_grid\" data-initial-loading-animation=\"zoomIn\" data-vc-grid-settings=\"{&quot;page_id&quot;:4456,&quot;style&quot;:&quot;all-masonry&quot;,&quot;action&quot;:&quot;vc_get_vc_grid_data&quot;,&quot;shortcode_id&quot;:&quot;1686262557786-9909dc34-6b53-3&quot;,&quot;tag&quot;:&quot;vc_masonry_media_grid&quot;}\" data-vc-request=\"https:\/\/sevini.md\/wp-admin\/admin-ajax.php\" data-vc-post-id=\"4456\" data-vc-public-nonce=\"dc6403744a\">\n\t\t\n\t<\/div>\n<\/div><div class=\"vc_empty_space\"   style=\"height: 80px\" ><span class=\"vc_empty_space_inner\"><\/span><\/div>\n<\/div><\/div><\/div><\/div><\/div><div  class=\"vc_row wpb_row vc_row-fluid shadow vc_custom_1553279332071\"><div class=\"vc_container\"><div class=\"hover main wpb_column vc_column_container vc_col-sm-3\"><div class=\"vc_column-inner\"><div class=\"wpb_wrapper\"><div class=\"vc_empty_space\"   style=\"height: 70px;min-height:60px\" ><span class=\"vc_empty_space_inner\"><\/span><\/div>\n<div class=\"up_counter\"><div class=\"up_counter_iner\" style='color:#ffffff;border-color:#ffffff;font-size:40px;'><p><b class=\"timer\" data-to=\"2650\" data-speed=\"1000\"><\/b><\/p><\/div><\/div><h3 style=\"font-size: 21px;color: #ffffff;line-height: 27px;text-align: center\" class=\"vc_custom_heading\" >Happy customers<\/h3><div class=\"vc_empty_space\"   style=\"height: 50px;min-height:40px\" ><span class=\"vc_empty_space_inner\"><\/span><\/div>\n<\/div><\/div><\/div><div class=\"hover main wpb_column vc_column_container vc_col-sm-3\"><div class=\"vc_column-inner\"><div class=\"wpb_wrapper\"><div class=\"vc_empty_space\"   style=\"height: 70px\" ><span class=\"vc_empty_space_inner\"><\/span><\/div>\n<div class=\"up_counter\"><div class=\"up_counter_iner\" style='color:#ffffff;border-color:#ffffff;font-size:40px;'><p><b class=\"timer\" data-to=\"2004\" data-speed=\"1000\"><\/b><\/p><\/div><\/div><h3 style=\"font-size: 21px;color: #ffffff;line-height: 27px;text-align: center\" class=\"vc_custom_heading\" >Company founded in<\/h3><div class=\"vc_empty_space\"   style=\"height: 50px;min-height:40px\" ><span class=\"vc_empty_space_inner\"><\/span><\/div>\n<\/div><\/div><\/div><div class=\"hover main wpb_column vc_column_container vc_col-sm-3\"><div class=\"vc_column-inner\"><div class=\"wpb_wrapper\"><div class=\"vc_empty_space\"   style=\"height: 70px\" ><span class=\"vc_empty_space_inner\"><\/span><\/div>\n<div class=\"up_counter\"><div class=\"up_counter_iner\" style='color:#ffffff;border-color:#ffffff;font-size:40px;'><p><b class=\"timer\" data-to=\"700\" data-speed=\"1000\"><\/b>+<\/p><\/div><\/div><h3 style=\"font-size: 21px;color: #ffffff;line-height: 27px;text-align: center\" class=\"vc_custom_heading\" >New designs<\/h3><div class=\"vc_empty_space\"   style=\"height: 50px;min-height:40px\" ><span class=\"vc_empty_space_inner\"><\/span><\/div>\n<\/div><\/div><\/div><div class=\"hover main wpb_column vc_column_container vc_col-sm-3\"><div class=\"vc_column-inner\"><div class=\"wpb_wrapper\"><div class=\"vc_empty_space\"   style=\"height: 70px\" ><span class=\"vc_empty_space_inner\"><\/span><\/div>\n<div class=\"up_counter\"><div class=\"up_counter_iner\" style='color:#ffffff;border-color:#ffffff;font-size:40px;'><p><b class=\"timer\" data-to=\"564\" data-speed=\"1000\"><\/b><\/p><\/div><\/div><h3 style=\"font-size: 21px;color: #ffffff;line-height: 27px;text-align: center\" class=\"vc_custom_heading\" >Realized projects<\/h3><div class=\"vc_empty_space\"   style=\"height: 50px;min-height:40px\" ><span class=\"vc_empty_space_inner\"><\/span><\/div>\n<\/div><\/div><\/div><\/div><\/div><div  class=\"vc_row wpb_row vc_row-fluid\"><div class=\"vc_container\"><div class=\"wpb_column vc_column_container vc_col-sm-12\"><div class=\"vc_column-inner\"><div class=\"wpb_wrapper\">\n\t<div class=\"wpb_text_column wpb_content_element\" >\n\t\t<div class=\"wpb_wrapper\">\n\t\t\t\n\t\t<\/div>\n\t<\/div>\n<\/div><\/div><\/div><\/div><\/div><div  class=\"vc_row wpb_row vc_row-fluid vc_custom_1403796429556\"><div class=\"vc_container\"><div class=\"wpb_column vc_column_container vc_col-sm-12\"><div class=\"vc_column-inner\"><div class=\"wpb_wrapper\"><div class=\"vc_empty_space\"   style=\"height: 35px\" ><span class=\"vc_empty_space_inner\"><\/span><\/div>\n\n\t<div class=\"wpb_text_column wpb_content_element\" >\n\t\t<div class=\"wpb_wrapper\">\n\t\t\t<p>Decorating a bedroom is a very difficult and time-consuming process, as the interior of this room needs to be both stylish and ergonomic. In this respect, the right furniture plays a key role. It needs to create a special atmosphere of comfort, privacy and tranquility in the room and at the same time - be safe, functional and reliable.<\/p>\n<blockquote><p>\nIT BECOMES OBVIOUS THAT BUYING A BEDROOM MADE BY SEVINI IS THE DECISION OF PEOPLE WHO APPRECIATE QUALITY AND LUXURY. CHOOSING IN FAVOR OF EXCLUSIVELY CUSTOM-MADE FURNITURE WILL ALLOW YOU TO ADD TO THE ROOM INDIVIDUALITY, PRACTICALITY AND RELIABILITY OF THE FURNITURE.\n<\/p><\/blockquote>\n<p>All our bespoke bedroom furniture is:<br \/>\n- Impeccable quality. The furniture is created according to all established standards, using modern equipment, durable and reliable materials.<br \/>\n- Thoughtful design. We create bedrooms that fit into diverse interiors and are appreciated even by the real thing. Models are decorated with glossy and matte glass fronts, mirrors, spectacular prints, leather inserts, etc.<br \/>\n- Functionality and usability. All SEVINI wardrobes, nightstands and bedroom dressers are surprisingly spacious and ergonomic.<\/p>\n\n\t\t<\/div>\n\t<\/div>\n<\/div><\/div><\/div><\/div><\/div><div  class=\"vc_row wpb_row vc_row-fluid vc_custom_1550235784770\"><div class=\"vc_container\"><div class=\"wpb_column vc_column_container vc_col-sm-12\"><div class=\"vc_column-inner\"><div class=\"wpb_wrapper\"><div class=\"vc_empty_space\"   style=\"height: 80px\" ><span class=\"vc_empty_space_inner\"><\/span><\/div>\n<h2 style=\"font-size: 28px;line-height: 28px;text-align: center\" class=\"vc_custom_heading\" >The materials we use<\/h2>\n\t<div class=\"wpb_text_column wpb_content_element\" >\n\t\t<div class=\"wpb_wrapper\">\n\t\t\t<p style=\"text-align: center;\">Cooperation with business partners and suppliers of the high quality materials we use<\/p>\n\n\t\t<\/div>\n\t<\/div>\n<div class=\"vc_empty_space\"   style=\"height: 60px\" ><span class=\"vc_empty_space_inner\"><\/span><\/div>\n<\/div><\/div><\/div><\/div><\/div><div  class=\"vc_row wpb_row vc_row-fluid vc_custom_1550235778400\"><div class=\"vc_container\"><div class=\"wpb_column vc_column_container vc_col-sm-3\"><div class=\"vc_column-inner\"><div class=\"wpb_wrapper\"><div class=\"up_logo_b\"  style='background-color:#ffffff;'><a href=\"#f\"> <img decoding=\"async\" src=\"https:\/\/sevini.md\/wp-content\/uploads\/2020\/12\/skin.png\" alt=\"Logo1\" \/><\/a><\/div><div class=\"vc_empty_space\"   style=\"height: 20px\" ><span class=\"vc_empty_space_inner\"><\/span><\/div>\n<div class=\"up_logo_b\"  style='background-color:#41484e;'><a href=\"#f\"> <img decoding=\"async\" src=\"https:\/\/sevini.md\/wp-content\/uploads\/2020\/12\/agt1.png\" alt=\"Logo5\" \/><\/a><\/div><\/div><\/div><\/div><div class=\"wpb_column vc_column_container vc_col-sm-3\"><div class=\"vc_column-inner\"><div class=\"wpb_wrapper\"><div class=\"up_logo_b\"  style='background-color:#41484e;'><a href=\"#f\"> <img decoding=\"async\" src=\"https:\/\/sevini.md\/wp-content\/uploads\/2020\/12\/syncron1.png\" alt=\"Logo2\" \/><\/a><\/div><div class=\"vc_empty_space\"   style=\"height: 20px\" ><span class=\"vc_empty_space_inner\"><\/span><\/div>\n<div class=\"up_logo_b\"  style='background-color:#ffffff;'><a href=\"#f\"> <img decoding=\"async\" src=\"https:\/\/sevini.md\/wp-content\/uploads\/2020\/12\/alvic1.png\" alt=\"Logo6\" \/><\/a><\/div><\/div><\/div><\/div><div class=\"wpb_column vc_column_container vc_col-sm-3\"><div class=\"vc_column-inner\"><div class=\"wpb_wrapper\"><div class=\"up_logo_b\"  style='background-color:#ffffff;'><a href=\"#f\"> <img decoding=\"async\" src=\"https:\/\/sevini.md\/wp-content\/uploads\/2020\/12\/blum.png\" alt=\"Logo3\" \/><\/a><\/div><div class=\"vc_empty_space\"   style=\"height: 20px\" ><span class=\"vc_empty_space_inner\"><\/span><\/div>\n<div class=\"up_logo_b\"  style='background-color:#41484e;'><a href=\"#f\"> <img decoding=\"async\" src=\"https:\/\/sevini.md\/wp-content\/uploads\/2020\/12\/hettich1.png\" alt=\"Logo7\" \/><\/a><\/div><\/div><\/div><\/div><div class=\"wpb_column vc_column_container vc_col-sm-3\"><div class=\"vc_column-inner\"><div class=\"wpb_wrapper\"><div class=\"up_logo_b\"  style='background-color:#41484e;'><a href=\"#f\"> <img decoding=\"async\" src=\"https:\/\/sevini.md\/wp-content\/uploads\/2020\/12\/egger1.png\" alt=\"Logo4\" \/><\/a><\/div><div class=\"vc_empty_space\"   style=\"height: 20px\" ><span class=\"vc_empty_space_inner\"><\/span><\/div>\n<div class=\"up_logo_b\"  style='background-color:#ffffff;'><a href=\"#f\"> <img decoding=\"async\" src=\"https:\/\/sevini.md\/wp-content\/uploads\/2020\/12\/fgv.png\" alt=\"Logo8\" \/><\/a><\/div><\/div><\/div><\/div><\/div><\/div><div  class=\"vc_row wpb_row vc_row-fluid vc_custom_1550235771599\"><div class=\"vc_container\"><div class=\"wpb_column vc_column_container vc_col-sm-12\"><div class=\"vc_column-inner\"><div class=\"wpb_wrapper\"><div class=\"vc_empty_space\"   style=\"height: 90px\" ><span class=\"vc_empty_space_inner\"><\/span><\/div>\n<\/div><\/div><\/div><\/div><\/div><div  class=\"vc_row wpb_row vc_row-fluid vc_custom_1553357636468 up_bg_fix  up_over_pos\"><div class=\"up_overlay\" style=\"background-color:rgba(54,54,54,0.80)\"><\/div><div class=\"vc_container\"><div class=\"wpb_column vc_column_container vc_col-sm-9\"><div class=\"vc_column-inner\"><div class=\"wpb_wrapper\"><div class=\"vc_empty_space\"   style=\"height: 77px;min-height:40px\" ><span class=\"vc_empty_space_inner\"><\/span><\/div>\n<h2 style=\"color: #ffffff;text-align: left\" class=\"vc_custom_heading tin\" >High quality bespoke bedrooms<\/h2>\n\t<div class=\"wpb_text_column wpb_content_element\" >\n\t\t<div class=\"wpb_wrapper\">\n\t\t\t<p style=\"color: #fff;\"><span style=\"color: #fff;\">WE CAN CREATE YOUR DREAM BEDROOM FURNITURE.<br \/>\nCALL US AT <a href=\"tel:060800333\">060 800 333<\/a> NOW<\/span><\/p>\n\n\t\t<\/div>\n\t<\/div>\n<div class=\"vc_empty_space\"   style=\"height: 99px\" ><span class=\"vc_empty_space_inner\"><\/span><\/div>\n<\/div><\/div><\/div><div class=\"wpb_column vc_column_container vc_col-sm-3\"><div class=\"vc_column-inner\"><div class=\"wpb_wrapper\"><div class=\"vc_empty_space\"   style=\"height: 115px\" ><span class=\"vc_empty_space_inner\"><\/span><\/div>\n<div class=\"upbtnposition\" style=\"text-align:right\" ><a class=\"up-button\" title=\"Contact us\" href=\"https:\/\/coral-lyrebird-819743.hostingersite.com\/contacte\/#form\"><span>Contact us<\/span><\/a><\/div>\n<div class=\"vc_empty_space\"   style=\"height: 32px;min-height:55px\" ><span class=\"vc_empty_space_inner\"><\/span><\/div>\n<\/div><\/div><\/div><\/div><\/div><div  class=\"vc_row wpb_row vc_row-fluid\"><div class=\"vc_container\"><div class=\"wpb_column vc_column_container vc_col-sm-12\"><div class=\"vc_column-inner\"><div class=\"wpb_wrapper\">\n<div class=\"wpcf7 no-js\" id=\"wpcf7-f5119-o1\" lang=\"en-US\" dir=\"ltr\" data-wpcf7-id=\"5119\">\n<div class=\"screen-reader-response\"><p role=\"status\" aria-live=\"polite\" aria-atomic=\"true\"><\/p> <ul><\/ul><\/div>\n<form action=\"\/en\/wp-json\/wp\/v2\/pages\/4456#wpcf7-f5119-o1\" method=\"post\" class=\"wpcf7-form init\" aria-label=\"Contact form\" novalidate=\"novalidate\" data-status=\"init\" data-trp-original-action=\"\/en\/wp-json\/wp\/v2\/pages\/4456#wpcf7-f5119-o1\">\n<fieldset class=\"hidden-fields-container\"><input type=\"hidden\" name=\"_wpcf7\" value=\"5119\" \/><input type=\"hidden\" name=\"_wpcf7_version\" value=\"6.1.5\" \/><input type=\"hidden\" name=\"_wpcf7_locale\" value=\"en_US\" \/><input type=\"hidden\" name=\"_wpcf7_unit_tag\" value=\"wpcf7-f5119-o1\" \/><input type=\"hidden\" name=\"_wpcf7_container_post\" value=\"0\" \/><input type=\"hidden\" name=\"_wpcf7_posted_data_hash\" value=\"\" \/><input type=\"hidden\" name=\"_wpcf7_recaptcha_response\" value=\"\" \/>\n<\/fieldset>\n<div id=\"popupic\">\n\t<div id=\"form2\">\n\t\t<div id=\"up-column3\">\n\t\t\t<div class=\"up-column\">\n\t\t\t\t<h3 class=\"title__form\">Registration form\n\t\t\t\t<\/h3>\n\t\t\t<\/div>\n\t\t\t<div class=\"up-column\">\n\t\t\t\t<div class=\"up-column-inner\">\n\t\t\t\t\t<div id=\"for__btn-close\">\n\t\t\t\t\t<\/div>\n\t\t\t\t\t<p><span class=\"wpcf7-form-control-wrap\" data-name=\"your-name\"><input size=\"40\" maxlength=\"400\" class=\"wpcf7-form-control wpcf7-text wpcf7-validates-as-required\" aria-required=\"true\" aria-invalid=\"false\" placeholder=\"Name\" value=\"\" type=\"text\" name=\"your-name\" \/><\/span>\n\t\t\t\t\t<\/p>\n\t\t\t\t<\/div>\n\t\t\t<\/div>\n\t\t\t<div class=\"up-column\">\n\t\t\t\t<div class=\"up-column-inner\">\n\t\t\t\t\t<p><span class=\"wpcf7-form-control-wrap\" data-name=\"your-phone\"><input size=\"40\" maxlength=\"400\" class=\"wpcf7-form-control wpcf7-text wpcf7-validates-as-required\" aria-required=\"true\" aria-invalid=\"false\" placeholder=\"Phone\" value=\"\" type=\"text\" name=\"your-phone\" \/><\/span>\n\t\t\t\t\t<\/p>\n\t\t\t\t<\/div>\n\t\t\t<\/div>\n\t\t\t<p><input class=\"wpcf7-form-control wpcf7-submit has-spinner\" type=\"submit\" value=\"Send\" \/>\n\t\t\t<\/p>\n\t\t<\/div>\n\t<\/div>\n<\/div><div class=\"wpcf7-response-output\" aria-hidden=\"true\"><\/div>\n<input type=\"hidden\" name=\"trp-form-language\" value=\"en\"\/><\/form>\n<\/div>\n<\/div><\/div><\/div><\/div><\/div>","protected":false},"excerpt":{"rendered":"Dormitoare la comand\u0103 proiecte individuale.C\u0103uta\u021bi mobilier nou pentru dormitor? SEVINI creaz\u0103 mobilier pentru dormitoare la comand\u0103 \u00een diverse stiluri, culori \u0219i texturi,care va satisface toate nevoile dvs., caracteristicile camerei \u0219i capacit\u0103\u021bile financiare. Afl\u0103 mai multe Serviciu suport clien\u021bi\u0421onsulta\u021bie online referitor la serviciile oferite. Muncitori califica\u0163iPerforman\u021be deosebite \u0219i experien\u021b\u0103 \u00een domeniu. Exploatare excelent\u0103Func\u021bionalitate \u0219i aspect impecabil ce dureaz\u0103. Reputa\u0163ie de topSute de proiecte realizate cu succes. Proiecte finalizate Clien\u021bi ferici\u021bi Companie \u00eenfiin\u021bat\u0103 \u00een +Designuri noi Proiecte realizate Decorarea unui dormitor este un proces foarte dificil \u0219i care consum\u0103 mult timp, deoarece interiorul acestei camere trebuie s\u0103 fie at\u00e2t elegant c\u00e2t \u0219i &hellip; <a href=\"https:\/\/sevini.md\/en\/dormitor\/\">Continued<\/a>","protected":false},"author":1,"featured_media":0,"parent":0,"menu_order":0,"comment_status":"closed","ping_status":"closed","template":"page-fullwidth.php","meta":{"inline_featured_image":false,"footnotes":""},"class_list":["post-4456","page","type-page","status-publish","hentry"],"_links":{"self":[{"href":"https:\/\/sevini.md\/en\/wp-json\/wp\/v2\/pages\/4456","targetHints":{"allow":["GET"]}}],"collection":[{"href":"https:\/\/sevini.md\/en\/wp-json\/wp\/v2\/pages"}],"about":[{"href":"https:\/\/sevini.md\/en\/wp-json\/wp\/v2\/types\/page"}],"author":[{"embeddable":true,"href":"https:\/\/sevini.md\/en\/wp-json\/wp\/v2\/users\/1"}],"replies":[{"embeddable":true,"href":"https:\/\/sevini.md\/en\/wp-json\/wp\/v2\/comments?post=4456"}],"version-history":[{"count":3,"href":"https:\/\/sevini.md\/en\/wp-json\/wp\/v2\/pages\/4456\/revisions"}],"predecessor-version":[{"id":7788,"href":"https:\/\/sevini.md\/en\/wp-json\/wp\/v2\/pages\/4456\/revisions\/7788"}],"wp:attachment":[{"href":"https:\/\/sevini.md\/en\/wp-json\/wp\/v2\/media?parent=4456"}],"curies":[{"name":"wp","href":"https:\/\/api.w.org\/{rel}","templated":true}]}}