{"id":5342,"date":"2020-12-14T12:26:34","date_gmt":"2020-12-14T12:26:34","guid":{"rendered":"https:\/\/coral-lyrebird-819743.hostingersite.com\/?page_id=5342"},"modified":"2023-06-08T21:53:39","modified_gmt":"2023-06-08T21:53:39","slug":"instalare-completa","status":"publish","type":"page","link":"https:\/\/sevini.md\/en\/instalare-completa\/","title":{"rendered":"Full installation"},"content":{"rendered":"<div  class=\"vc_row wpb_row vc_row-fluid vc_row-o-equal-height vc_row-flex\"><div class=\"full_width\"><div class=\"no padding wpb_column vc_column_container vc_col-sm-6 vc_col-has-fill\"><div class=\"vc_column-inner vc_custom_1553444022906\"><div class=\"wpb_wrapper\"><div class=\"vc_empty_space\"   style=\"height: 65px;min-height:400px\" ><span class=\"vc_empty_space_inner\"><\/span><\/div>\n<\/div><\/div><\/div><div class=\"wpb_column vc_column_container vc_col-sm-6\"><div class=\"vc_column-inner vc_custom_1551617801608\"><div class=\"wpb_wrapper\"><div class=\"vc_empty_space\"   style=\"height: 106px;min-height:40px\" ><span class=\"vc_empty_space_inner\"><\/span><\/div>\n<h6 style=\"text-align: left\" class=\"vc_custom_heading\" >Free installation<\/h6><h2 style=\"text-align: left\" class=\"vc_custom_heading\" >Full installation<\/h2><div class=\"sep_iner\"><div class=\"up_separator wpb_animate_when_almost_visible wpb_appear appear sep_border\" style=\"margin-top:10px;margin-bottom:15px;width:62px;border-color:#d5ac63;border-width:3px;\"><\/div><\/div><div class=\"vc_empty_space\"   style=\"height: 20px\" ><span class=\"vc_empty_space_inner\"><\/span><\/div>\n<div class=\"vc_tta-container\" data-vc-action=\"collapse\"><div class=\"vc_general vc_tta vc_tta-tabs vc_tta-color-white vc_tta-style-flat vc_tta-shape-round vc_tta-spacing-20 vc_tta-o-no-fill vc_tta-tabs-position-top vc_tta-controls-align-left\"><div class=\"vc_tta-tabs-container\"><ul class=\"vc_tta-tabs-list\"><li class=\"vc_tta-tab vc_active\" data-vc-tab><a href=\"#1537556728399-5c216858-5aff\" data-vc-tabs data-vc-container=\".vc_tta\"><span class=\"vc_tta-title-text\">INSTALL<\/span><\/a><\/li><li class=\"vc_tta-tab\" data-vc-tab><a href=\"#1551624247718-049bb6af-ef8a\" data-vc-tabs data-vc-container=\".vc_tta\"><span class=\"vc_tta-title-text\">STAGES OF ASSEMBLY<\/span><\/a><\/li><li class=\"vc_tta-tab\" data-vc-tab><a href=\"#1551624573684-bbcb699f-09e3\" data-vc-tabs data-vc-container=\".vc_tta\"><span class=\"vc_tta-title-text\">QUALITY GUARANTEE<\/span><\/a><\/li><\/ul><\/div><div class=\"vc_tta-panels-container\"><div class=\"vc_tta-panels\"><div class=\"vc_tta-panel vc_active\" id=\"1537556728399-5c216858-5aff\" data-vc-content=\".vc_tta-panel-body\"><div class=\"vc_tta-panel-heading\"><h4 class=\"vc_tta-panel-title\"><a href=\"#1537556728399-5c216858-5aff\" data-vc-accordion data-vc-container=\".vc_tta-container\"><span class=\"vc_tta-title-text\">INSTALL<\/span><\/a><\/h4><\/div><div class=\"vc_tta-panel-body\"><h4 style=\"text-align: left\" class=\"vc_custom_heading\" >High quality installation works<\/h4>\n\t<div class=\"wpb_text_column wpb_content_element\" >\n\t\t<div class=\"wpb_wrapper\">\n\t\t\t<p>We assemble kitchen furniture in a pre-prepared clean room at a time convenient to the customer. Our specialists check the integrity of the packaged items, unpack the components, inspect them for external defects and then proceed directly to installation.<\/p>\n<p>The installation work takes from a few hours to three days, depending on the characteristics and dimensions of the furniture set ordered. Installation is done in accordance with building codes and safety regulations.<\/p>\n<p>Experienced craftsmen are equipped with professional equipment and high-tech tools to quickly assemble your kitchen.<\/p>\n\n\t\t<\/div>\n\t<\/div>\n<div class=\"vc_empty_space\"   style=\"height: 40px\" ><span class=\"vc_empty_space_inner\"><\/span><\/div>\n<div class=\"vc_empty_space\"   style=\"height: 40px;min-height:40px\" ><span class=\"vc_empty_space_inner\"><\/span><\/div>\n<\/div><\/div><div class=\"vc_tta-panel\" id=\"1551624247718-049bb6af-ef8a\" data-vc-content=\".vc_tta-panel-body\"><div class=\"vc_tta-panel-heading\"><h4 class=\"vc_tta-panel-title\"><a href=\"#1551624247718-049bb6af-ef8a\" data-vc-accordion data-vc-container=\".vc_tta-container\"><span class=\"vc_tta-title-text\">STAGES OF ASSEMBLY<\/span><\/a><\/h4><\/div><div class=\"vc_tta-panel-body\"><div class=\"vc_empty_space\"   style=\"height: 5px\" ><span class=\"vc_empty_space_inner\"><\/span><\/div>\n<div class=\"ic-inner small\"><div class=\"icon-holder\"><div class=\"circle-text noborder\"  style='color:#d5ac63;'><i class=\"fa fa-check-square-o\"><\/i><\/div><\/div><div class=\"text-holder\"><h4 >Assembling the wall panel casing<\/h4><\/div><\/div><div class=\"ic-inner small\"><div class=\"icon-holder\"><div class=\"circle-text noborder\"  style='color:#d5ac63;'><i class=\"fa fa-check-square-o\"><\/i><\/div><\/div><div class=\"text-holder\"><h4 >Location of modules according to the approved project<\/h4><\/div><\/div><div class=\"ic-inner small\"><div class=\"icon-holder\"><div class=\"circle-text noborder\"  style='color:#d5ac63;'><i class=\"fa fa-check-square-o\"><\/i><\/div><\/div><div class=\"text-holder\"><h4 >Mounting the housing<\/h4><\/div><\/div><div class=\"ic-inner small\"><div class=\"icon-holder\"><div class=\"circle-text noborder\"  style='color:#d5ac63;'><i class=\"fa fa-check-square-o\"><\/i><\/div><\/div><div class=\"text-holder\"><h4 >Fitting facades, countertops, lamps, plinths, fittings<\/h4><\/div><\/div><div class=\"ic-inner small\"><div class=\"icon-holder\"><div class=\"circle-text noborder\"  style='color:#d5ac63;'><i class=\"fa fa-check-square-o\"><\/i><\/div><\/div><div class=\"text-holder\"><h4 >Drill holes for pipes, sockets, sinks and built-in appliances<\/h4><\/div><\/div><div class=\"ic-inner small\"><div class=\"icon-holder\"><div class=\"circle-text noborder\"  style='color:#d5ac63;'><i class=\"fa fa-check-square-o\"><\/i><\/div><\/div><div class=\"text-holder\"><h4 >Installing accessories (handles, wall rails, bar tops, bar tops, shelf brackets) and lamps<\/h4><\/div><\/div><div class=\"ic-inner small\"><div class=\"icon-holder\"><div class=\"circle-text noborder\"  style='color:#d5ac63;'><i class=\"fa fa-check-square-o\"><\/i><\/div><\/div><div class=\"text-holder\"><h4 >Demonstration of the stability of the structures, functionality and linear opening and closing of the drawers and storage systems to the owner by signing the acceptance certificate.<\/h4><\/div><\/div><\/div><\/div><div class=\"vc_tta-panel\" id=\"1551624573684-bbcb699f-09e3\" data-vc-content=\".vc_tta-panel-body\"><div class=\"vc_tta-panel-heading\"><h4 class=\"vc_tta-panel-title\"><a href=\"#1551624573684-bbcb699f-09e3\" data-vc-accordion data-vc-container=\".vc_tta-container\"><span class=\"vc_tta-title-text\">QUALITY GUARANTEE<\/span><\/a><\/h4><\/div><div class=\"vc_tta-panel-body\"><div class=\"vc_empty_space\"   style=\"height: 5px\" ><span class=\"vc_empty_space_inner\"><\/span><\/div>\n\n\t<div class=\"wpb_text_column wpb_content_element\" >\n\t\t<div class=\"wpb_wrapper\">\n\t\t\t<p>We know our kitchens down to every screw. We know how best and correctly to install a cupboard or cabinet, how much pressure to screw the door so that it opens smoothly and quietly.<\/p>\n<p>All kitchens produced in our company will serve you for years to come. The virtuoso craftsmanship of specialists, European quality materials and accessories all come together to create furniture that is reliable, elegant and resistant to damage.<\/p>\n\n\t\t<\/div>\n\t<\/div>\n<\/div><\/div><\/div><\/div><\/div><\/div><div class=\"vc_empty_space\"   style=\"height: 40px\" ><span class=\"vc_empty_space_inner\"><\/span><\/div>\n<\/div><\/div><\/div><\/div><\/div><div  class=\"vc_row wpb_row vc_row-fluid vc_row-o-equal-height vc_row-flex\"><div class=\"full_width\"><div class=\"wpb_column vc_column_container vc_col-sm-6\"><div class=\"vc_column-inner vc_custom_1551617801608\"><div class=\"wpb_wrapper\"><div class=\"vc_empty_space\"   style=\"height: 106px;min-height:40px\" ><span class=\"vc_empty_space_inner\"><\/span><\/div>\n<h6 style=\"text-align: left\" class=\"vc_custom_heading\" >Free customized kitchen installation<\/h6><h2 style=\"text-align: left\" class=\"vc_custom_heading\" >Responsible approach<\/h2><div class=\"sep_iner\"><div class=\"up_separator wpb_animate_when_almost_visible wpb_appear appear sep_border\" style=\"margin-top:10px;margin-bottom:20px;width:62px;border-color:#d5ac63;border-width:3px;\"><\/div><\/div>\n\t<div  class=\"wpb_single_image wpb_content_element vc_align_left\">\n\t\t\n\t\t<figure class=\"wpb_wrapper vc_figure\">\n\t\t\t<div class=\"vc_single_image-wrapper   vc_box_border_grey\"><img fetchpriority=\"high\" decoding=\"async\" width=\"433\" height=\"135\" src=\"https:\/\/sevini.md\/wp-content\/uploads\/2019\/03\/m_lo.jpg\" class=\"vc_single_image-img attachment-full\" alt=\"\" srcset=\"https:\/\/sevini.md\/wp-content\/uploads\/2019\/03\/m_lo.jpg 433w, https:\/\/sevini.md\/wp-content\/uploads\/2019\/03\/m_lo-300x94.jpg 300w, https:\/\/sevini.md\/wp-content\/uploads\/2019\/03\/m_lo-200x62.jpg 200w\" sizes=\"(max-width: 433px) 100vw, 433px\" \/><\/div>\n\t\t<\/figure>\n\t<\/div>\n<div class=\"vc_empty_space\"   style=\"height: 20px\" ><span class=\"vc_empty_space_inner\"><\/span><\/div>\n\n\t<div class=\"wpb_text_column wpb_content_element\" >\n\t\t<div class=\"wpb_wrapper\">\n\t\t\t<p>Along with project development, measurement and delivery, the kitchen installation is also carried out free of charge by our company!<\/p>\n<p>The work is carried out at a time agreed in advance with the client, in a room that is already prepared.<\/p>\n<p>We strive to ensure maximum assembly accuracy and prevent defects, and if a kitchen item is accidentally damaged during installation, it is replaced free of charge by our specialists.<\/p>\n<p>Professional installers have modern equipment and tools at their disposal to ensure accurate and fast installation. Each specialist undergoes mandatory training, internship and only after that is allowed to work independently.<\/p>\n\n\t\t<\/div>\n\t<\/div>\n<div class=\"vc_empty_space\"   style=\"height: 50px;min-height:40px\" ><span class=\"vc_empty_space_inner\"><\/span><\/div>\n<div class=\"vc_empty_space\"   style=\"height: 116px;min-height:50px\" ><span class=\"vc_empty_space_inner\"><\/span><\/div>\n<\/div><\/div><\/div><div class=\"no padding wpb_column vc_column_container vc_col-sm-6 vc_col-has-fill\"><div class=\"vc_column-inner vc_custom_1553444117532\"><div class=\"wpb_wrapper\"><div class=\"vc_empty_space\"   style=\"height: 65px;min-height:400px\" ><span class=\"vc_empty_space_inner\"><\/span><\/div>\n<\/div><\/div><\/div><\/div><\/div>","protected":false},"excerpt":{"rendered":"Montare gratuit\u0103Instalare complet\u0103 INSTALAREETAPELE MONT\u0102RIIGARAN\u021aIA CALIT\u0102\u021aIIINSTALARELucr\u0103ri de instalare de \u00eenalt\u0103 calitate Asambl\u0103m mobilierul de buc\u0103t\u0103rie \u00eentr-o camer\u0103 curat\u0103 pre-preg\u0103tit\u0103 la timpul convenabil pentru client. Speciali\u0219tii verific\u0103 integritatea elementelor ambalate, despacheteaz\u0103 componentele, le inspecteaz\u0103 pentru a se convinge c\u0103 nu exit\u0103 defecte externe \u0219i apoi procedeaz\u0103 direct la instalare. Lucr\u0103rile de instalare dureaz\u0103 de la c\u00e2teva ore p\u00e2n\u0103 la trei zile, \u00een func\u021bie de caracteristicile \u0219i dimensiunile setului de mobilier comandat. Instalarea se efectueaz\u0103 \u00een conformitate cu codurile de construc\u021bie \u0219i reglement\u0103rile de siguran\u021b\u0103. Me\u0219terii cu experien\u021b\u0103 sunt echipa\u021bi cu echipamente profesionale \u0219i instrumente de \u00eenalt\u0103 tehnologie pentru a asambla rapid &hellip; <a href=\"https:\/\/sevini.md\/en\/instalare-completa\/\">Continued<\/a>","protected":false},"author":1,"featured_media":0,"parent":0,"menu_order":0,"comment_status":"closed","ping_status":"closed","template":"page-fullwidth.php","meta":{"inline_featured_image":false,"footnotes":""},"class_list":["post-5342","page","type-page","status-publish","hentry"],"_links":{"self":[{"href":"https:\/\/sevini.md\/en\/wp-json\/wp\/v2\/pages\/5342","targetHints":{"allow":["GET"]}}],"collection":[{"href":"https:\/\/sevini.md\/en\/wp-json\/wp\/v2\/pages"}],"about":[{"href":"https:\/\/sevini.md\/en\/wp-json\/wp\/v2\/types\/page"}],"author":[{"embeddable":true,"href":"https:\/\/sevini.md\/en\/wp-json\/wp\/v2\/users\/1"}],"replies":[{"embeddable":true,"href":"https:\/\/sevini.md\/en\/wp-json\/wp\/v2\/comments?post=5342"}],"version-history":[{"count":2,"href":"https:\/\/sevini.md\/en\/wp-json\/wp\/v2\/pages\/5342\/revisions"}],"predecessor-version":[{"id":7773,"href":"https:\/\/sevini.md\/en\/wp-json\/wp\/v2\/pages\/5342\/revisions\/7773"}],"wp:attachment":[{"href":"https:\/\/sevini.md\/en\/wp-json\/wp\/v2\/media?parent=5342"}],"curies":[{"name":"wp","href":"https:\/\/api.w.org\/{rel}","templated":true}]}}