{"id":5343,"date":"2020-12-14T12:26:15","date_gmt":"2020-12-14T12:26:15","guid":{"rendered":"https:\/\/coral-lyrebird-819743.hostingersite.com\/?page_id=5343"},"modified":"2023-06-08T21:52:32","modified_gmt":"2023-06-08T21:52:32","slug":"proiectare","status":"publish","type":"page","link":"https:\/\/sevini.md\/en\/proiectare\/","title":{"rendered":"Design"},"content":{"rendered":"<div  class=\"vc_row wpb_row vc_row-fluid vc_row-o-equal-height vc_row-flex\"><div class=\"full_width\"><div class=\"no padding wpb_column vc_column_container vc_col-sm-6 vc_col-has-fill\"><div class=\"vc_column-inner vc_custom_1553444022906\"><div class=\"wpb_wrapper\"><div class=\"vc_empty_space\"   style=\"height: 65px;min-height:400px\" ><span class=\"vc_empty_space_inner\"><\/span><\/div>\n<\/div><\/div><\/div><div class=\"wpb_column vc_column_container vc_col-sm-6\"><div class=\"vc_column-inner vc_custom_1551617801608\"><div class=\"wpb_wrapper\"><div class=\"vc_empty_space\"   style=\"height: 106px;min-height:40px\" ><span class=\"vc_empty_space_inner\"><\/span><\/div>\n<h6 style=\"text-align: left\" class=\"vc_custom_heading\" >Individual design projects<\/h6><h2 style=\"text-align: left\" class=\"vc_custom_heading\" >Furniture development with a designer<\/h2><div class=\"sep_iner\"><div class=\"up_separator wpb_animate_when_almost_visible wpb_appear appear sep_border\" style=\"margin-top:10px;margin-bottom:15px;width:62px;border-color:#d5ac63;border-width:3px;\"><\/div><\/div><div class=\"vc_empty_space\"   style=\"height: 20px\" ><span class=\"vc_empty_space_inner\"><\/span><\/div>\n<div class=\"vc_tta-container\" data-vc-action=\"collapse\"><div class=\"vc_general vc_tta vc_tta-tabs vc_tta-color-white vc_tta-style-flat vc_tta-shape-round vc_tta-spacing-20 vc_tta-o-no-fill vc_tta-tabs-position-top vc_tta-controls-align-left\"><div class=\"vc_tta-tabs-container\"><ul class=\"vc_tta-tabs-list\"><li class=\"vc_tta-tab vc_active\" data-vc-tab><a href=\"#1537556728399-5c216858-5aff\" data-vc-tabs data-vc-container=\".vc_tta\"><span class=\"vc_tta-title-text\">Consultation<\/span><\/a><\/li><li class=\"vc_tta-tab\" data-vc-tab><a href=\"#1551624247718-049bb6af-ef8a\" data-vc-tabs data-vc-container=\".vc_tta\"><span class=\"vc_tta-title-text\">Measurement<\/span><\/a><\/li><li class=\"vc_tta-tab\" data-vc-tab><a href=\"#1551624573684-bbcb699f-09e3\" data-vc-tabs data-vc-container=\".vc_tta\"><span class=\"vc_tta-title-text\">Design project<\/span><\/a><\/li><\/ul><\/div><div class=\"vc_tta-panels-container\"><div class=\"vc_tta-panels\"><div class=\"vc_tta-panel vc_active\" id=\"1537556728399-5c216858-5aff\" data-vc-content=\".vc_tta-panel-body\"><div class=\"vc_tta-panel-heading\"><h4 class=\"vc_tta-panel-title\"><a href=\"#1537556728399-5c216858-5aff\" data-vc-accordion data-vc-container=\".vc_tta-container\"><span class=\"vc_tta-title-text\">Consultation<\/span><\/a><\/h4><\/div><div class=\"vc_tta-panel-body\"><h4 style=\"text-align: left\" class=\"vc_custom_heading\" >Free consultation<\/h4>\n\t<div class=\"wpb_text_column wpb_content_element\" >\n\t\t<div class=\"wpb_wrapper\">\n\t\t\t<p>By calling <a href=\"\/en\/060 800 33378\/\">060 800 33378<\/a>, you will receive a preliminary consultation from our specialist.<\/p>\n<p>Our workers will help you choose the material, make a cost calculation, inform you about the production time and issue a request for calling a designer on site, who will come with material samples, make an exact measurement of the room and discuss all your wishes with you.<\/p>\n\n\t\t<\/div>\n\t<\/div>\n<div class=\"vc_empty_space\"   style=\"height: 40px;min-height:40px\" ><span class=\"vc_empty_space_inner\"><\/span><\/div>\n<\/div><\/div><div class=\"vc_tta-panel\" id=\"1551624247718-049bb6af-ef8a\" data-vc-content=\".vc_tta-panel-body\"><div class=\"vc_tta-panel-heading\"><h4 class=\"vc_tta-panel-title\"><a href=\"#1551624247718-049bb6af-ef8a\" data-vc-accordion data-vc-container=\".vc_tta-container\"><span class=\"vc_tta-title-text\">Measurement<\/span><\/a><\/h4><\/div><div class=\"vc_tta-panel-body\"><div class=\"vc_empty_space\"   style=\"height: 5px\" ><span class=\"vc_empty_space_inner\"><\/span><\/div>\n<h4 style=\"text-align: left\" class=\"vc_custom_heading\" >The designer's departure to the object<\/h4>\n\t<div class=\"wpb_text_column wpb_content_element\" >\n\t\t<div class=\"wpb_wrapper\">\n\t\t\t<p>Measuring your kitchen correctly allows you to make rational use of every square meter of the room.<\/p>\n<p>It is important to accurately determine the size of each item: wall and floor cabinets, open shelving, table, chairs, work surface.<\/p>\n<p>Despite the fact that it seems simple, with no experience in doing this type of work, people often make mistakes, the correction of which is costly. It's more appropriate to call in a home designer.<\/p>\n\n\t\t<\/div>\n\t<\/div>\n<\/div><\/div><div class=\"vc_tta-panel\" id=\"1551624573684-bbcb699f-09e3\" data-vc-content=\".vc_tta-panel-body\"><div class=\"vc_tta-panel-heading\"><h4 class=\"vc_tta-panel-title\"><a href=\"#1551624573684-bbcb699f-09e3\" data-vc-accordion data-vc-container=\".vc_tta-container\"><span class=\"vc_tta-title-text\">Design project<\/span><\/a><\/h4><\/div><div class=\"vc_tta-panel-body\"><div class=\"vc_empty_space\"   style=\"height: 5px\" ><span class=\"vc_empty_space_inner\"><\/span><\/div>\n<h4 style=\"text-align: left\" class=\"vc_custom_heading\" >Design project development<\/h4>\n\t<div class=\"wpb_text_column wpb_content_element\" >\n\t\t<div class=\"wpb_wrapper\">\n\t\t\t<p>Professional design managers will develop an individual design project for you.<\/p>\n<p>Using the data obtained during the measurement of spaces, the manager:<\/p>\n\n\t\t<\/div>\n\t<\/div>\n<div class=\"ic-inner small\"><div class=\"icon-holder\"><div class=\"circle-text noborder\"  style='color:#d5ac63;'><i class=\"fa fa-check-square-o\"><\/i><\/div><\/div><div class=\"text-holder\"><h4 >Will select a kitchen set model<\/h4><\/div><\/div><div class=\"ic-inner small\"><div class=\"icon-holder\"><div class=\"circle-text noborder\"  style='color:#d5ac63;'><i class=\"fa fa-check-square-o\"><\/i><\/div><\/div><div class=\"text-holder\"><h4 >Provide the right accessories, equipment and table group<\/h4><\/div><\/div><div class=\"ic-inner small\"><div class=\"icon-holder\"><div class=\"circle-text noborder\"  style='color:#d5ac63;'><i class=\"fa fa-check-square-o\"><\/i><\/div><\/div><div class=\"text-holder\"><h4 >Make an accurate calculation of the cost of the product<\/h4><\/div><\/div><div class=\"ic-inner small\"><div class=\"icon-holder\"><div class=\"circle-text noborder\"  style='color:#d5ac63;'><i class=\"fa fa-check-square-o\"><\/i><\/div><\/div><div class=\"text-holder\"><h4 >Will put the project into production<\/h4><\/div><\/div><div class=\"ic-inner small\"><div class=\"icon-holder\"><div class=\"circle-text noborder\"  style='color:#d5ac63;'><i class=\"fa fa-check-square-o\"><\/i><\/div><\/div><div class=\"text-holder\"><h4 >Will draw up a contract<\/h4><\/div><\/div><\/div><\/div><\/div><\/div><\/div><\/div><div class=\"vc_empty_space\"   style=\"height: 40px\" ><span class=\"vc_empty_space_inner\"><\/span><\/div>\n<\/div><\/div><\/div><\/div><\/div><div  class=\"vc_row wpb_row vc_row-fluid vc_row-o-equal-height vc_row-flex\"><div class=\"full_width\"><div class=\"wpb_column vc_column_container vc_col-sm-6\"><div class=\"vc_column-inner vc_custom_1551617801608\"><div class=\"wpb_wrapper\"><div class=\"vc_empty_space\"   style=\"height: 106px;min-height:40px\" ><span class=\"vc_empty_space_inner\"><\/span><\/div>\n<h6 style=\"text-align: left\" class=\"vc_custom_heading\" >Designer services<\/h6><h2 style=\"text-align: left\" class=\"vc_custom_heading\" >Furniture for hallways, bedrooms, living rooms and more<\/h2><div class=\"sep_iner\"><div class=\"up_separator wpb_animate_when_almost_visible wpb_appear appear sep_border\" style=\"margin-top:10px;margin-bottom:20px;width:62px;border-color:#d5ac63;border-width:3px;\"><\/div><\/div>\n\t<div  class=\"wpb_single_image wpb_content_element vc_align_left\">\n\t\t\n\t\t<figure class=\"wpb_wrapper vc_figure\">\n\t\t\t<div class=\"vc_single_image-wrapper   vc_box_border_grey\"><img fetchpriority=\"high\" decoding=\"async\" width=\"433\" height=\"135\" src=\"https:\/\/sevini.md\/wp-content\/uploads\/2019\/03\/m_lo.jpg\" class=\"vc_single_image-img attachment-full\" alt=\"\" srcset=\"https:\/\/sevini.md\/wp-content\/uploads\/2019\/03\/m_lo.jpg 433w, https:\/\/sevini.md\/wp-content\/uploads\/2019\/03\/m_lo-300x94.jpg 300w, https:\/\/sevini.md\/wp-content\/uploads\/2019\/03\/m_lo-200x62.jpg 200w\" sizes=\"(max-width: 433px) 100vw, 433px\" \/><\/div>\n\t\t<\/figure>\n\t<\/div>\n<div class=\"vc_empty_space\"   style=\"height: 20px\" ><span class=\"vc_empty_space_inner\"><\/span><\/div>\n\n\t<div class=\"wpb_text_column wpb_content_element\" >\n\t\t<div class=\"wpb_wrapper\">\n\t\t\t<p>In order to make our furniture not only comfortable, but also pleasing to the eye, \u201eSEVINI\u201d designers are always ready to help you realize your interior idea.<\/p>\n<p>Our designers have extensive experience in the development and design of various interior items, constant monitoring of world trends in furniture and interior design allows us to create customized furniture according to the highest quality standards.<\/p>\n<p>We are always open to your ideas and are ready to take on the implementation of even the most non-standard options.<\/p>\n<p>\u201eSEVINI\u201d designers will help you browse through the wide range of our company. They will select the most suitable materials for the style of your premises. They will also help you determine the most successful color combination.<\/p>\n<p>They will make a graphic design of your future furniture. The furniture design for your room can be designed either for a completely unfurnished room, where there is not a single piece of furniture yet, or for furnished interior.<\/p>\n<p>By using our free design creation service, you'll not only get a functional piece of furniture, but also one that fits well inside your hallway, bedroom or living room.<\/p>\n\n\t\t<\/div>\n\t<\/div>\n<div class=\"vc_empty_space\"   style=\"height: 50px;min-height:40px\" ><span class=\"vc_empty_space_inner\"><\/span><\/div>\n<div class=\"vc_empty_space\"   style=\"height: 116px;min-height:50px\" ><span class=\"vc_empty_space_inner\"><\/span><\/div>\n<\/div><\/div><\/div><div class=\"no padding wpb_column vc_column_container vc_col-sm-6 vc_col-has-fill\"><div class=\"vc_column-inner vc_custom_1553444117532\"><div class=\"wpb_wrapper\"><div class=\"vc_empty_space\"   style=\"height: 65px;min-height:400px\" ><span class=\"vc_empty_space_inner\"><\/span><\/div>\n<\/div><\/div><\/div><\/div><\/div>","protected":false},"excerpt":{"rendered":"Proiecte de design individualeElaborarea mobilierului \u00eenso\u021bit\u0103 de un designer Consulta\u021bieM\u0103surareProiect de designConsulta\u021bieConsulta\u021bie gratuit\u0103 Apel\u00e2nd la num\u0103rul 060 800 33378, ve\u021bi primi o consulta\u021bie preliminar\u0103 de la specialistul nostru. Lucr\u0103torii no\u0219tri v\u0103 vor ajuta la alegerea materialului, vor face un calcul al costurilor, v\u0103 vor informa referitor la timpul de produc\u021bie \u0219i vor emite o cerere pentru chemarea unui proiectant la obiect, care va veni cu mostre de materiale, va face o m\u0103surare exact\u0103 a camerei \u0219i va discuta cu dvs. toate dorin\u021bele dumneavoastr\u0103. M\u0103surare Plecarea proiectantului la obiect M\u0103surarea corect\u0103 a buc\u0103t\u0103riei v\u0103 permite s\u0103 utiliza\u021bi \u00een mod ra\u021bional fiecare &hellip; <a href=\"https:\/\/sevini.md\/en\/proiectare\/\">Continued<\/a>","protected":false},"author":1,"featured_media":0,"parent":0,"menu_order":0,"comment_status":"closed","ping_status":"closed","template":"page-fullwidth.php","meta":{"inline_featured_image":false,"footnotes":""},"class_list":["post-5343","page","type-page","status-publish","hentry"],"_links":{"self":[{"href":"https:\/\/sevini.md\/en\/wp-json\/wp\/v2\/pages\/5343","targetHints":{"allow":["GET"]}}],"collection":[{"href":"https:\/\/sevini.md\/en\/wp-json\/wp\/v2\/pages"}],"about":[{"href":"https:\/\/sevini.md\/en\/wp-json\/wp\/v2\/types\/page"}],"author":[{"embeddable":true,"href":"https:\/\/sevini.md\/en\/wp-json\/wp\/v2\/users\/1"}],"replies":[{"embeddable":true,"href":"https:\/\/sevini.md\/en\/wp-json\/wp\/v2\/comments?post=5343"}],"version-history":[{"count":1,"href":"https:\/\/sevini.md\/en\/wp-json\/wp\/v2\/pages\/5343\/revisions"}],"predecessor-version":[{"id":7770,"href":"https:\/\/sevini.md\/en\/wp-json\/wp\/v2\/pages\/5343\/revisions\/7770"}],"wp:attachment":[{"href":"https:\/\/sevini.md\/en\/wp-json\/wp\/v2\/media?parent=5343"}],"curies":[{"name":"wp","href":"https:\/\/api.w.org\/{rel}","templated":true}]}}