{"id":4835,"date":"2020-12-07T15:40:00","date_gmt":"2020-12-07T15:40:00","guid":{"rendered":"https:\/\/coral-lyrebird-819743.hostingersite.com\/?page_id=4835"},"modified":"2023-06-08T21:51:50","modified_gmt":"2023-06-08T21:51:50","slug":"livrare-gratis","status":"publish","type":"page","link":"https:\/\/sevini.md\/uk\/livrare-gratis\/","title":{"rendered":"\u0411\u0435\u0437\u043a\u043e\u0448\u0442\u043e\u0432\u043d\u0430 \u0434\u043e\u0441\u0442\u0430\u0432\u043a\u0430"},"content":{"rendered":"<div  class=\"vc_row wpb_row vc_row-fluid vc_row-o-equal-height vc_row-flex\"><div class=\"full_width\"><div class=\"no padding wpb_column vc_column_container vc_col-sm-6 vc_col-has-fill\"><div class=\"vc_column-inner vc_custom_1553444022906\"><div class=\"wpb_wrapper\"><div class=\"vc_empty_space\"   style=\"height: 65px;min-height:400px\" ><span class=\"vc_empty_space_inner\"><\/span><\/div>\n<\/div><\/div><\/div><div class=\"wpb_column vc_column_container vc_col-sm-6\"><div class=\"vc_column-inner vc_custom_1551617801608\"><div class=\"wpb_wrapper\"><div class=\"vc_empty_space\"   style=\"height: 106px;min-height:40px\" ><span class=\"vc_empty_space_inner\"><\/span><\/div>\n<h6 style=\"text-align: left\" class=\"vc_custom_heading\" >\u0414\u043e\u0441\u0442\u0430\u0432\u043a\u0430 \u043c\u0435\u0431\u043b\u0456\u0432<\/h6><h2 style=\"text-align: left\" class=\"vc_custom_heading\" >\u0428\u0432\u0438\u0434\u043a\u043e. \u042f\u043a\u0456\u0441\u043d\u043e. \u041d\u0430\u0434\u0456\u0439\u043d\u043e.<\/h2><div class=\"sep_iner\"><div class=\"up_separator wpb_animate_when_almost_visible wpb_appear appear sep_border\" style=\"margin-top:10px;margin-bottom:15px;width:62px;border-color:#d5ac63;border-width:3px;\"><\/div><\/div><div class=\"vc_empty_space\"   style=\"height: 20px\" ><span class=\"vc_empty_space_inner\"><\/span><\/div>\n<div class=\"vc_tta-container\" data-vc-action=\"collapse\"><div class=\"vc_general vc_tta vc_tta-tabs vc_tta-color-white vc_tta-style-flat vc_tta-shape-round vc_tta-spacing-20 vc_tta-o-no-fill vc_tta-tabs-position-top vc_tta-controls-align-left\"><div class=\"vc_tta-tabs-container\"><ul class=\"vc_tta-tabs-list\"><li class=\"vc_tta-tab vc_active\" data-vc-tab><a href=\"#1537556728399-5c216858-5aff\" data-vc-tabs data-vc-container=\".vc_tta\"><span class=\"vc_tta-title-text\">\u0422\u0420\u0410\u041d\u0421\u041f\u041e\u0420\u0422<\/span><\/a><\/li><li class=\"vc_tta-tab\" data-vc-tab><a href=\"#1551624247718-049bb6af-ef8a\" data-vc-tabs data-vc-container=\".vc_tta\"><span class=\"vc_tta-title-text\">\u0417\u0410\u0412\u0410\u041d\u0422\u0410\u0416\u0418\u0422\u0418<\/span><\/a><\/li><li class=\"vc_tta-tab\" data-vc-tab><a href=\"#1551624573684-bbcb699f-09e3\" data-vc-tabs data-vc-container=\".vc_tta\"><span class=\"vc_tta-title-text\">\u0411\u0415\u0417\u041f\u0415\u041a\u0410 \u0422\u041e\u0412\u0410\u0420\u0406\u0412<\/span><\/a><\/li><\/ul><\/div><div class=\"vc_tta-panels-container\"><div class=\"vc_tta-panels\"><div class=\"vc_tta-panel vc_active\" id=\"1537556728399-5c216858-5aff\" data-vc-content=\".vc_tta-panel-body\"><div class=\"vc_tta-panel-heading\"><h4 class=\"vc_tta-panel-title\"><a href=\"#1537556728399-5c216858-5aff\" data-vc-accordion data-vc-container=\".vc_tta-container\"><span class=\"vc_tta-title-text\">\u0422\u0420\u0410\u041d\u0421\u041f\u041e\u0420\u0422<\/span><\/a><\/h4><\/div><div class=\"vc_tta-panel-body\"><h4 style=\"text-align: left\" class=\"vc_custom_heading\" >\u0414\u043e\u0441\u0432\u0456\u0434\u0447\u0435\u043d\u0456 \u0432\u043e\u0434\u0456\u0457 \u0442\u0430 \u0441\u0443\u0447\u0430\u0441\u043d\u0456 \u0432\u0430\u043d\u0442\u0430\u0436\u0456\u0432\u043a\u0438<\/h4>\n\t<div class=\"wpb_text_column wpb_content_element\" >\n\t\t<div class=\"wpb_wrapper\">\n\t\t\t<p>\u041d\u0430\u0448\u0456 \u0432\u043e\u0434\u0456\u0457 \u043c\u0430\u044e\u0442\u044c \u0432\u0435\u043b\u0438\u043a\u0438\u0439 \u0434\u043e\u0441\u0432\u0456\u0434 \u0432\u043e\u0434\u0456\u043d\u043d\u044f, \u0442\u043e\u043c\u0443 \u0434\u043e\u0441\u0442\u0430\u0432\u043b\u044f\u0442\u044c \u0432\u0430\u0448\u0435 \u0437\u0430\u043c\u043e\u0432\u043b\u0435\u043d\u043d\u044f \u0437 \u043c\u0430\u043a\u0441\u0438\u043c\u0430\u043b\u044c\u043d\u043e\u044e \u043f\u0443\u043d\u043a\u0442\u0443\u0430\u043b\u044c\u043d\u0456\u0441\u0442\u044e, \u043d\u0430\u0439\u043a\u043e\u0440\u043e\u0442\u0448\u0438\u043c \u043c\u0430\u0440\u0448\u0440\u0443\u0442\u043e\u043c \u0456 \u0434\u0431\u0430\u0439\u043b\u0438\u0432\u043e \u043f\u0456\u0434\u043d\u0456\u043c\u0443\u0442\u044c \u0439\u043e\u0433\u043e \u043d\u0430 \u043f\u043e\u0432\u0435\u0440\u0445.<\/p>\n\n\t\t<\/div>\n\t<\/div>\n<div class=\"vc_empty_space\"   style=\"height: 40px\" ><span class=\"vc_empty_space_inner\"><\/span><\/div>\n<div class=\"vc_empty_space\"   style=\"height: 40px;min-height:40px\" ><span class=\"vc_empty_space_inner\"><\/span><\/div>\n<\/div><\/div><div class=\"vc_tta-panel\" id=\"1551624247718-049bb6af-ef8a\" data-vc-content=\".vc_tta-panel-body\"><div class=\"vc_tta-panel-heading\"><h4 class=\"vc_tta-panel-title\"><a href=\"#1551624247718-049bb6af-ef8a\" data-vc-accordion data-vc-container=\".vc_tta-container\"><span class=\"vc_tta-title-text\">\u0417\u0410\u0412\u0410\u041d\u0422\u0410\u0416\u0418\u0422\u0418<\/span><\/a><\/h4><\/div><div class=\"vc_tta-panel-body\"><div class=\"vc_empty_space\"   style=\"height: 5px\" ><span class=\"vc_empty_space_inner\"><\/span><\/div>\n<h4 style=\"text-align: left\" class=\"vc_custom_heading\" >\u0420\u043e\u0437\u0432\u0430\u043d\u0442\u0430\u0436\u0435\u043d\u043d\u044f \u0442\u0430 \u043f\u0456\u0434\u0439\u043e\u043c \u043c\u0435\u0431\u043b\u0456\u0432 \u043d\u0430\u0433\u043e\u0440\u0443<\/h4>\n\t<div class=\"wpb_text_column wpb_content_element\" >\n\t\t<div class=\"wpb_wrapper\">\n\t\t\t<p>\u0414\u043e\u0441\u0442\u0430\u0432\u043a\u0430 \u0432\u0435\u043b\u0438\u043a\u0438\u0445 \u0456 \u0432\u0430\u0436\u043a\u0438\u0445 \u043c\u0435\u0431\u043b\u0456\u0432 \u043f\u043e\u0432'\u044f\u0437\u0430\u043d\u0430 \u0437 \u0431\u0430\u0433\u0430\u0442\u044c\u043c\u0430 \u0442\u0440\u0443\u0434\u043d\u043e\u0449\u0430\u043c\u0438. \u041a\u0440\u0456\u043c \u0437\u0430\u0432\u0430\u043d\u0442\u0430\u0436\u0435\u043d\u043d\u044f \u0440\u0435\u0447\u0435\u0439 \u0432 \u0430\u0432\u0442\u043e\u043c\u043e\u0431\u0456\u043b\u044c, \u0442\u0440\u0430\u043d\u0441\u043f\u043e\u0440\u0442\u0443\u0432\u0430\u043d\u043d\u044f \u0456 \u0440\u043e\u0437\u0432\u0430\u043d\u0442\u0430\u0436\u0435\u043d\u043d\u044f \u043c\u0435\u0431\u043b\u0456\u0432, \u043d\u0435\u043e\u0431\u0445\u0456\u0434\u043d\u043e \u0437\u0430\u043d\u0435\u0441\u0442\u0438 \u043c\u0435\u0431\u043b\u0456 \u0432 \u0431\u0443\u0434\u0438\u043d\u043e\u043a \u0456, \u044f\u043a\u0449\u043e \u0432\u0438 \u0436\u0438\u0432\u0435\u0442\u0435 \u0432 \u043c\u0456\u0441\u0442\u0456, \u043f\u0456\u0434\u043d\u044f\u0442\u0438 \u0457\u0445 \u043d\u0430\u0432\u0435\u0440\u0445. \u0426\u044e \u043f\u0440\u043e\u0431\u043b\u0435\u043c\u0443 \u0448\u0432\u0438\u0434\u043a\u043e \u0456 \u044f\u043a\u0456\u0441\u043d\u043e \u0432\u0438\u0440\u0456\u0448\u0430\u0442\u044c \u0434\u043e\u0441\u0432\u0456\u0434\u0447\u0435\u043d\u0456 \u0444\u0430\u0445\u0456\u0432\u0446\u0456 \u043a\u043e\u043c\u043f\u0430\u043d\u0456\u0457 \u201eSEVINI\u201d.<\/p>\n\n\t\t<\/div>\n\t<\/div>\n<div class=\"ic-inner small\"><div class=\"icon-holder\"><div class=\"circle-text noborder\"  style='color:#d5ac63;'><i class=\"fa fa-check-square-o\"><\/i><\/div><\/div><div class=\"text-holder\"><h4 >\u0414\u043e\u0441\u0442\u0430\u0432\u043a\u0430, \u0440\u043e\u0437\u0432\u0430\u043d\u0442\u0430\u0436\u0435\u043d\u043d\u044f \u0442\u0430 \u0437\u0431\u0456\u0440 \u043c\u0435\u0431\u043b\u0456\u0432 \u043d\u0430 \u0437\u0430\u043c\u043e\u0432\u043b\u0435\u043d\u043d\u044f \u0432 \u041a\u0438\u0448\u0438\u043d\u0435\u0432\u0456 \u0432\u043a\u043b\u044e\u0447\u0435\u043d\u0456 \u0443 \u0432\u0430\u0440\u0442\u0456\u0441\u0442\u044c.<\/h4><\/div><\/div><div class=\"ic-inner small\"><div class=\"icon-holder\"><div class=\"circle-text noborder\"  style='color:#d5ac63;'><i class=\"fa fa-check-square-o\"><\/i><\/div><\/div><div class=\"text-holder\"><h4 >\u0417\u0430\u043d\u0435\u0441\u0435\u043d\u043d\u044f \u043c\u0435\u0431\u043b\u0456\u0432, \u0432\u0438\u0433\u043e\u0442\u043e\u0432\u043b\u0435\u043d\u0438\u0445 \u043d\u0430 \u0437\u0430\u043c\u043e\u0432\u043b\u0435\u043d\u043d\u044f, \u0443 \u0432\u0430\u0448\u0443 \u043a\u0432\u0430\u0440\u0442\u0438\u0440\u0443 \u0442\u0430\u043a\u043e\u0436 \u0431\u0435\u0437\u043a\u043e\u0448\u0442\u043e\u0432\u043d\u0435.<\/h4><\/div><\/div><div class=\"ic-inner small\"><div class=\"icon-holder\"><div class=\"circle-text noborder\"  style='color:#d5ac63;'><i class=\"fa fa-check-square-o\"><\/i><\/div><\/div><div class=\"text-holder\"><h4 >\u0412\u0438\u0457\u0437\u0434 \u0432\u043e\u0434\u0456\u044f \u0442\u0430 \u0441\u0443\u043f\u0440\u043e\u0432\u043e\u0434\u0436\u0443\u044e\u0447\u043e\u0433\u043e \u0437\u0430 \u043c\u0435\u0436\u0456 \u043c\u0456\u0441\u0442\u0430 \u041a\u0438\u0448\u0438\u043d\u0435\u0432\u0430 \u0437\u0434\u0456\u0439\u0441\u043d\u044e\u0454\u0442\u044c\u0441\u044f \u0437\u0430 \u0434\u043e\u0434\u0430\u0442\u043a\u043e\u0432\u0443 \u043f\u043b\u0430\u0442\u0443 \u043f\u0456\u0441\u043b\u044f \u0443\u0437\u0433\u043e\u0434\u0436\u0435\u043d\u043d\u044f \u0437 \u043c\u0435\u043d\u0435\u0434\u0436\u0435\u0440\u043e\u043c.<\/h4><\/div><\/div><\/div><\/div><div class=\"vc_tta-panel\" id=\"1551624573684-bbcb699f-09e3\" data-vc-content=\".vc_tta-panel-body\"><div class=\"vc_tta-panel-heading\"><h4 class=\"vc_tta-panel-title\"><a href=\"#1551624573684-bbcb699f-09e3\" data-vc-accordion data-vc-container=\".vc_tta-container\"><span class=\"vc_tta-title-text\">\u0411\u0415\u0417\u041f\u0415\u041a\u0410 \u0422\u041e\u0412\u0410\u0420\u0406\u0412<\/span><\/a><\/h4><\/div><div class=\"vc_tta-panel-body\"><div class=\"vc_empty_space\"   style=\"height: 5px\" ><span class=\"vc_empty_space_inner\"><\/span><\/div>\n<h4 style=\"text-align: left\" class=\"vc_custom_heading\" >\u0411\u0435\u0437\u043f\u0435\u0447\u043d\u0435 \u0437\u0430\u0432\u0430\u043d\u0442\u0430\u0436\u0435\u043d\u043d\u044f \u0442\u0430 \u0440\u043e\u0437\u0432\u0430\u043d\u0442\u0430\u0436\u0435\u043d\u043d\u044f<\/h4>\n\t<div class=\"wpb_text_column wpb_content_element\" >\n\t\t<div class=\"wpb_wrapper\">\n\t\t\t<p>\u0414\u043b\u044f \u0431\u0435\u0437\u043f\u0435\u0447\u043d\u043e\u0433\u043e \u0437\u0430\u0432\u0430\u043d\u0442\u0430\u0436\u0435\u043d\u043d\u044f\/\u0440\u043e\u0437\u0432\u0430\u043d\u0442\u0430\u0436\u0435\u043d\u043d\u044f \u0442\u0430 \u0442\u0440\u0430\u043d\u0441\u043f\u043e\u0440\u0442\u0443\u0432\u0430\u043d\u043d\u044f \u043c\u0435\u0431\u043b\u0456\u0432 \u043a\u043e\u043c\u043f\u0430\u043d\u0456\u044f \u043c\u0430\u0454 \u0432 \u0441\u0432\u043e\u0454\u043c\u0443 \u0440\u043e\u0437\u043f\u043e\u0440\u044f\u0434\u0436\u0435\u043d\u043d\u0456 \u0441\u043f\u0435\u0446\u0456\u0430\u043b\u044c\u043d\u043e \u043f\u0440\u0438\u0441\u0442\u043e\u0441\u043e\u0432\u0430\u043d\u0456 \u0432\u0430\u043d\u0442\u0430\u0436\u043d\u0456 \u0430\u0432\u0442\u043e\u043c\u043e\u0431\u0456\u043b\u0456.<\/p>\n<p>\u0412\u0441\u0456 \u0440\u043e\u0431\u043e\u0442\u0438 \u0432\u0438\u043a\u043e\u043d\u0443\u044e\u0442\u044c\u0441\u044f \u0444\u0430\u0445\u0456\u0432\u0446\u044f\u043c\u0438 \u201eSEVINI\u201d - \u043c\u0438 \u043d\u0435\u0441\u0435\u043c\u043e \u0432\u0456\u0434\u043f\u043e\u0432\u0456\u0434\u0430\u043b\u044c\u043d\u0456\u0441\u0442\u044c \u0437\u0430 \u0437\u0430\u043c\u043e\u0432\u043b\u0435\u043d\u0456 \u0432\u0430\u043c\u0438 \u043c\u0435\u0431\u043b\u0456 \u043f\u0440\u043e\u0442\u044f\u0433\u043e\u043c \u0432\u0441\u0456\u0454\u0457 \u043f\u043e\u0434\u043e\u0440\u043e\u0436\u0456, \u0441\u0443\u0432\u043e\u0440\u043e \u0441\u0442\u0435\u0436\u0438\u043c\u043e \u0437\u0430 \u0434\u043e\u0442\u0440\u0438\u043c\u0430\u043d\u043d\u044f\u043c \u043f\u0440\u0430\u0432\u0438\u043b \u043f\u0435\u0440\u0435\u0432\u0435\u0437\u0435\u043d\u043d\u044f \u043c\u0435\u0431\u043b\u0456\u0432.<\/p>\n\n\t\t<\/div>\n\t<\/div>\n<\/div><\/div><\/div><\/div><\/div><\/div><div class=\"vc_empty_space\"   style=\"height: 40px\" ><span class=\"vc_empty_space_inner\"><\/span><\/div>\n<\/div><\/div><\/div><\/div><\/div><div  class=\"vc_row wpb_row vc_row-fluid vc_row-o-equal-height vc_row-flex\"><div class=\"full_width\"><div class=\"wpb_column vc_column_container vc_col-sm-6\"><div class=\"vc_column-inner vc_custom_1551617801608\"><div class=\"wpb_wrapper\"><div class=\"vc_empty_space\"   style=\"height: 106px;min-height:40px\" ><span class=\"vc_empty_space_inner\"><\/span><\/div>\n<h6 style=\"text-align: left\" class=\"vc_custom_heading\" >\u0411\u0415\u0417\u041a\u041e\u0428\u0422\u041e\u0412\u041d\u0410 \u0414\u041e\u0421\u0422\u0410\u0412\u041a\u0410<\/h6><h2 style=\"text-align: left\" class=\"vc_custom_heading\" >\u0411\u0435\u0437\u043f\u0435\u0447\u043d\u0435 \u0442\u0440\u0430\u043d\u0441\u043f\u043e\u0440\u0442\u0443\u0432\u0430\u043d\u043d\u044f<\/h2><div class=\"sep_iner\"><div class=\"up_separator wpb_animate_when_almost_visible wpb_appear appear sep_border\" style=\"margin-top:10px;margin-bottom:20px;width:62px;border-color:#d5ac63;border-width:3px;\"><\/div><\/div>\n\t<div  class=\"wpb_single_image wpb_content_element vc_align_left\">\n\t\t\n\t\t<figure class=\"wpb_wrapper vc_figure\">\n\t\t\t<div class=\"vc_single_image-wrapper   vc_box_border_grey\"><img fetchpriority=\"high\" decoding=\"async\" width=\"433\" height=\"135\" src=\"https:\/\/sevini.md\/wp-content\/uploads\/2019\/03\/m_lo.jpg\" class=\"vc_single_image-img attachment-full\" alt=\"\" srcset=\"https:\/\/sevini.md\/wp-content\/uploads\/2019\/03\/m_lo.jpg 433w, https:\/\/sevini.md\/wp-content\/uploads\/2019\/03\/m_lo-300x94.jpg 300w, https:\/\/sevini.md\/wp-content\/uploads\/2019\/03\/m_lo-200x62.jpg 200w\" sizes=\"(max-width: 433px) 100vw, 433px\" \/><\/div>\n\t\t<\/figure>\n\t<\/div>\n<div class=\"vc_empty_space\"   style=\"height: 20px\" ><span class=\"vc_empty_space_inner\"><\/span><\/div>\n \n\t<div class=\"wpb_text_column wpb_content_element\" >\n\t\t<div class=\"wpb_wrapper\">\n\t\t\t<div class=\"wpb_text_column wpb_content_element\" >\n\t\t<div class=\"wpb_wrapper\">\n\t\t\t\n\t\t<\/div>\n\t<\/div>\n\u041f\u0456\u0441\u043b\u044f \u0442\u043e\u0433\u043e, \u044f\u043a \u0432\u0438 \u043f\u0440\u0438\u0439\u043d\u044f\u043b\u0438 \u0456 \u0437\u0430\u0442\u0432\u0435\u0440\u0434\u0438\u043b\u0438 \u0434\u0438\u0437\u0430\u0439\u043d \u043a\u0443\u0445\u043d\u0456 \u043d\u0430 \u0437\u0430\u043c\u043e\u0432\u043b\u0435\u043d\u043d\u044f \u0456 \u043f\u0456\u0434\u043f\u0438\u0441\u0430\u043b\u0438 \u0434\u043e\u0433\u043e\u0432\u0456\u0440, \u043d\u0430\u0448\u0430 \u043a\u043e\u043c\u043f\u0430\u043d\u0456\u044f \u0432\u0438\u043a\u043e\u043d\u0443\u0454 \u0437\u0430\u043c\u043e\u0432\u043b\u0435\u043d\u043d\u044f \u0456 \u0434\u043e\u0441\u0442\u0430\u0432\u043b\u044f\u0454 \u043c\u0435\u0431\u043b\u0456.<\/p>\n<p>\u0414\u043e\u0441\u0442\u0430\u0432\u043a\u0430 \u043f\u043e \u041a\u0438\u0448\u0438\u043d\u0435\u0432\u0443 \u0431\u0435\u0437\u043a\u043e\u0448\u0442\u043e\u0432\u043d\u0430, \u044f\u043a \u0456 \u0441\u0430\u043c\u043e\u0432\u0438\u0432\u0456\u0437 \u0442\u043e\u0432\u0430\u0440\u0443 \u0437\u0430 \u0430\u0434\u0440\u0435\u0441\u043e\u044e \u0434\u043e\u0441\u0442\u0430\u0432\u043a\u0438. \u0414\u0430\u0442\u0430 \u0456 \u0447\u0430\u0441 \u0434\u043e\u0441\u0442\u0430\u0432\u043a\u0438 - \u0443 \u0437\u0440\u0443\u0447\u043d\u0438\u0439 \u0434\u043b\u044f \u0432\u0430\u0441 \u0447\u0430\u0441.<\/p>\n\n\t\t<\/div>\n\t<\/div>\n<div class=\"vc_empty_space\"   style=\"height: 50px;min-height:40px\" ><span class=\"vc_empty_space_inner\"><\/span><\/div>\n<div class=\"vc_empty_space\"   style=\"height: 116px;min-height:50px\" ><span class=\"vc_empty_space_inner\"><\/span><\/div>\n<\/div><\/div><\/div><div class=\"no padding wpb_column vc_column_container vc_col-sm-6 vc_col-has-fill\"><div class=\"vc_column-inner vc_custom_1553444117532\"><div class=\"wpb_wrapper\"><div class=\"vc_empty_space\"   style=\"height: 65px;min-height:400px\" ><span class=\"vc_empty_space_inner\"><\/span><\/div>\n<\/div><\/div><\/div><\/div><\/div>","protected":false},"excerpt":{"rendered":"Livrarea mobilieruluiRapid. Calitativ. Sigur. TRANSPORTAREDESC\u0102RCARESIGURAN\u021aA M\u0102RFIITRANSPORTARE\u0218oferi experimenta\u021bi \u0219i camioane moderne \u0218oferii no\u0219tri au o vast\u0103 experien\u021b\u0103 \u00een conducerea ma\u0219inii \u0219i, prin urmare, v\u0103 vor livra comanda cu punctualitate maximal\u0103, pe cea mai scurt\u0103 cale \u0219i o vor ridica la etaj cu aten\u021bie. DESC\u0102RCARE Desc\u0103rcarea \u0219i ridicarea mobilierului la etaj Livrarea mobilierului greu \u0219i cu dimensiuni mari este asociat\u0103 cu multe dificult\u0103\u021bi. Pe l\u00e2ng\u0103 \u00eenc\u0103rcarea articolelor \u00eentr-o ma\u0219in\u0103, transportarea \u0219i desc\u0103rcarea mobilierului, este necesar s\u0103 aduce\u021bi mobilierul \u00een cas\u0103 \u0219i, \u00een cazul c\u00e2nd tr\u0103i\u021bi \u00een ora\u0219, s\u0103 \u00eel ridica\u021bi la etaj. Aceast\u0103 problem\u0103 va fi rezolvat\u0103 rapid \u0219i calitativ de c\u0103tre &hellip; <a href=\"https:\/\/sevini.md\/uk\/livrare-gratis\/\">\u041f\u0440\u043e\u0434\u043e\u0432\u0436\u0435\u043d\u043d\u044f<\/a>","protected":false},"author":1,"featured_media":0,"parent":0,"menu_order":0,"comment_status":"closed","ping_status":"closed","template":"page-fullwidth.php","meta":{"inline_featured_image":false,"footnotes":""},"class_list":["post-4835","page","type-page","status-publish","hentry"],"_links":{"self":[{"href":"https:\/\/sevini.md\/uk\/wp-json\/wp\/v2\/pages\/4835","targetHints":{"allow":["GET"]}}],"collection":[{"href":"https:\/\/sevini.md\/uk\/wp-json\/wp\/v2\/pages"}],"about":[{"href":"https:\/\/sevini.md\/uk\/wp-json\/wp\/v2\/types\/page"}],"author":[{"embeddable":true,"href":"https:\/\/sevini.md\/uk\/wp-json\/wp\/v2\/users\/1"}],"replies":[{"embeddable":true,"href":"https:\/\/sevini.md\/uk\/wp-json\/wp\/v2\/comments?post=4835"}],"version-history":[{"count":1,"href":"https:\/\/sevini.md\/uk\/wp-json\/wp\/v2\/pages\/4835\/revisions"}],"predecessor-version":[{"id":7771,"href":"https:\/\/sevini.md\/uk\/wp-json\/wp\/v2\/pages\/4835\/revisions\/7771"}],"wp:attachment":[{"href":"https:\/\/sevini.md\/uk\/wp-json\/wp\/v2\/media?parent=4835"}],"curies":[{"name":"wp","href":"https:\/\/api.w.org\/{rel}","templated":true}]}}