{"id":5343,"date":"2020-12-14T12:26:15","date_gmt":"2020-12-14T12:26:15","guid":{"rendered":"https:\/\/coral-lyrebird-819743.hostingersite.com\/?page_id=5343"},"modified":"2023-06-08T21:52:32","modified_gmt":"2023-06-08T21:52:32","slug":"proiectare","status":"publish","type":"page","link":"https:\/\/sevini.md\/uk\/proiectare\/","title":{"rendered":"\u0414\u0438\u0437\u0430\u0439\u043d"},"content":{"rendered":"<div  class=\"vc_row wpb_row vc_row-fluid vc_row-o-equal-height vc_row-flex\"><div class=\"full_width\"><div class=\"no padding wpb_column vc_column_container vc_col-sm-6 vc_col-has-fill\"><div class=\"vc_column-inner vc_custom_1553444022906\"><div class=\"wpb_wrapper\"><div class=\"vc_empty_space\"   style=\"height: 65px;min-height:400px\" ><span class=\"vc_empty_space_inner\"><\/span><\/div>\n<\/div><\/div><\/div><div class=\"wpb_column vc_column_container vc_col-sm-6\"><div class=\"vc_column-inner vc_custom_1551617801608\"><div class=\"wpb_wrapper\"><div class=\"vc_empty_space\"   style=\"height: 106px;min-height:40px\" ><span class=\"vc_empty_space_inner\"><\/span><\/div>\n<h6 style=\"text-align: left\" class=\"vc_custom_heading\" >\u0406\u043d\u0434\u0438\u0432\u0456\u0434\u0443\u0430\u043b\u044c\u043d\u0456 \u0434\u0438\u0437\u0430\u0439\u043d-\u043f\u0440\u043e\u0435\u043a\u0442\u0438<\/h6><h2 style=\"text-align: left\" class=\"vc_custom_heading\" >\u0420\u043e\u0437\u0440\u043e\u0431\u043a\u0430 \u043c\u0435\u0431\u043b\u0456\u0432 \u0437 \u0434\u0438\u0437\u0430\u0439\u043d\u0435\u0440\u043e\u043c<\/h2><div class=\"sep_iner\"><div class=\"up_separator wpb_animate_when_almost_visible wpb_appear appear sep_border\" style=\"margin-top:10px;margin-bottom:15px;width:62px;border-color:#d5ac63;border-width:3px;\"><\/div><\/div><div class=\"vc_empty_space\"   style=\"height: 20px\" ><span class=\"vc_empty_space_inner\"><\/span><\/div>\n<div class=\"vc_tta-container\" data-vc-action=\"collapse\"><div class=\"vc_general vc_tta vc_tta-tabs vc_tta-color-white vc_tta-style-flat vc_tta-shape-round vc_tta-spacing-20 vc_tta-o-no-fill vc_tta-tabs-position-top vc_tta-controls-align-left\"><div class=\"vc_tta-tabs-container\"><ul class=\"vc_tta-tabs-list\"><li class=\"vc_tta-tab vc_active\" data-vc-tab><a href=\"#1537556728399-5c216858-5aff\" data-vc-tabs data-vc-container=\".vc_tta\"><span class=\"vc_tta-title-text\">\u041a\u043e\u043d\u0441\u0443\u043b\u044c\u0442\u0430\u0446\u0456\u044f<\/span><\/a><\/li><li class=\"vc_tta-tab\" data-vc-tab><a href=\"#1551624247718-049bb6af-ef8a\" data-vc-tabs data-vc-container=\".vc_tta\"><span class=\"vc_tta-title-text\">\u0412\u0438\u043c\u0456\u0440\u044e\u0432\u0430\u043d\u043d\u044f<\/span><\/a><\/li><li class=\"vc_tta-tab\" data-vc-tab><a href=\"#1551624573684-bbcb699f-09e3\" data-vc-tabs data-vc-container=\".vc_tta\"><span class=\"vc_tta-title-text\">\u0414\u0438\u0437\u0430\u0439\u043d-\u043f\u0440\u043e\u0435\u043a\u0442<\/span><\/a><\/li><\/ul><\/div><div class=\"vc_tta-panels-container\"><div class=\"vc_tta-panels\"><div class=\"vc_tta-panel vc_active\" id=\"1537556728399-5c216858-5aff\" data-vc-content=\".vc_tta-panel-body\"><div class=\"vc_tta-panel-heading\"><h4 class=\"vc_tta-panel-title\"><a href=\"#1537556728399-5c216858-5aff\" data-vc-accordion data-vc-container=\".vc_tta-container\"><span class=\"vc_tta-title-text\">\u041a\u043e\u043d\u0441\u0443\u043b\u044c\u0442\u0430\u0446\u0456\u044f<\/span><\/a><\/h4><\/div><div class=\"vc_tta-panel-body\"><h4 style=\"text-align: left\" class=\"vc_custom_heading\" >\u0411\u0435\u0437\u043a\u043e\u0448\u0442\u043e\u0432\u043d\u0430 \u043a\u043e\u043d\u0441\u0443\u043b\u044c\u0442\u0430\u0446\u0456\u044f<\/h4>\n\t<div class=\"wpb_text_column wpb_content_element\" >\n\t\t<div class=\"wpb_wrapper\">\n\t\t\t<p>\u0417\u0430\u0442\u0435\u043b\u0435\u0444\u043e\u043d\u0443\u0432\u0430\u0432\u0448\u0438 <a href=\"\/uk\/060 800 33378\/\">060 800 33378<\/a>, \u0432\u0438 \u043e\u0442\u0440\u0438\u043c\u0430\u0454\u0442\u0435 \u043f\u043e\u043f\u0435\u0440\u0435\u0434\u043d\u044e \u043a\u043e\u043d\u0441\u0443\u043b\u044c\u0442\u0430\u0446\u0456\u044e \u0432\u0456\u0434 \u043d\u0430\u0448\u043e\u0433\u043e \u0444\u0430\u0445\u0456\u0432\u0446\u044f.<\/p>\n<p>\u041d\u0430\u0448\u0456 \u043f\u0440\u0430\u0446\u0456\u0432\u043d\u0438\u043a\u0438 \u0434\u043e\u043f\u043e\u043c\u043e\u0436\u0443\u0442\u044c \u0432\u0430\u043c \u0443 \u0432\u0438\u0431\u043e\u0440\u0456 \u043c\u0430\u0442\u0435\u0440\u0456\u0430\u043b\u0443, \u0437\u0440\u043e\u0431\u043b\u044f\u0442\u044c \u0440\u043e\u0437\u0440\u0430\u0445\u0443\u043d\u043e\u043a \u0432\u0430\u0440\u0442\u043e\u0441\u0442\u0456, \u043f\u0440\u043e\u0456\u043d\u0444\u043e\u0440\u043c\u0443\u044e\u0442\u044c \u043f\u0440\u043e \u0442\u0435\u0440\u043c\u0456\u043d\u0438 \u0432\u0438\u0433\u043e\u0442\u043e\u0432\u043b\u0435\u043d\u043d\u044f \u0442\u0430 \u043e\u0444\u043e\u0440\u043c\u043b\u044f\u0442\u044c \u0437\u0430\u044f\u0432\u043a\u0443 \u043d\u0430 \u0432\u0438\u043a\u043b\u0438\u043a \u0456\u043d\u0434\u0438\u0432\u0456\u0434\u0443\u0430\u043b\u044c\u043d\u043e\u0433\u043e \u0434\u0438\u0437\u0430\u0439\u043d\u0435\u0440\u0430, \u044f\u043a\u0438\u0439 \u043f\u0440\u0438\u0457\u0434\u0435 \u0437\u0456 \u0437\u0440\u0430\u0437\u043a\u0430\u043c\u0438 \u043c\u0430\u0442\u0435\u0440\u0456\u0430\u043b\u0456\u0432, \u0437\u0440\u043e\u0431\u0438\u0442\u044c \u0442\u043e\u0447\u043d\u0438\u0439 \u0437\u0430\u043c\u0456\u0440 \u043f\u0440\u0438\u043c\u0456\u0449\u0435\u043d\u043d\u044f \u0442\u0430 \u043e\u0431\u0433\u043e\u0432\u043e\u0440\u0438\u0442\u044c \u0437 \u0432\u0430\u043c\u0438 \u0432\u0441\u0456 \u0432\u0430\u0448\u0456 \u043f\u043e\u0431\u0430\u0436\u0430\u043d\u043d\u044f.<\/p>\n\n\t\t<\/div>\n\t<\/div>\n<div class=\"vc_empty_space\"   style=\"height: 40px;min-height:40px\" ><span class=\"vc_empty_space_inner\"><\/span><\/div>\n<\/div><\/div><div class=\"vc_tta-panel\" id=\"1551624247718-049bb6af-ef8a\" data-vc-content=\".vc_tta-panel-body\"><div class=\"vc_tta-panel-heading\"><h4 class=\"vc_tta-panel-title\"><a href=\"#1551624247718-049bb6af-ef8a\" data-vc-accordion data-vc-container=\".vc_tta-container\"><span class=\"vc_tta-title-text\">\u0412\u0438\u043c\u0456\u0440\u044e\u0432\u0430\u043d\u043d\u044f<\/span><\/a><\/h4><\/div><div class=\"vc_tta-panel-body\"><div class=\"vc_empty_space\"   style=\"height: 5px\" ><span class=\"vc_empty_space_inner\"><\/span><\/div>\n<h4 style=\"text-align: left\" class=\"vc_custom_heading\" >\u0412\u0456\u0434'\u0457\u0437\u0434 \u0434\u0438\u0437\u0430\u0439\u043d\u0435\u0440\u0430<\/h4>\n\t<div class=\"wpb_text_column wpb_content_element\" >\n\t\t<div class=\"wpb_wrapper\">\n\t\t\t<p>\u041f\u0440\u0430\u0432\u0438\u043b\u044c\u043d\u0438\u0439 \u0432\u0438\u043c\u0456\u0440 \u043a\u0443\u0445\u043d\u0456 \u0434\u043e\u0437\u0432\u043e\u043b\u044f\u0454 \u0440\u0430\u0446\u0456\u043e\u043d\u0430\u043b\u044c\u043d\u043e \u0432\u0438\u043a\u043e\u0440\u0438\u0441\u0442\u043e\u0432\u0443\u0432\u0430\u0442\u0438 \u043a\u043e\u0436\u0435\u043d \u043a\u0432\u0430\u0434\u0440\u0430\u0442\u043d\u0438\u0439 \u043c\u0435\u0442\u0440 \u043f\u0440\u0438\u043c\u0456\u0449\u0435\u043d\u043d\u044f.<\/p>\n<p>\u0412\u0430\u0436\u043b\u0438\u0432\u043e \u0442\u043e\u0447\u043d\u043e \u0432\u0438\u0437\u043d\u0430\u0447\u0438\u0442\u0438 \u0440\u043e\u0437\u043c\u0456\u0440 \u043a\u043e\u0436\u043d\u043e\u0433\u043e \u0435\u043b\u0435\u043c\u0435\u043d\u0442\u0430: \u043d\u0430\u0441\u0442\u0456\u043d\u043d\u0438\u0445 \u0456 \u043f\u0456\u0434\u043b\u043e\u0433\u043e\u0432\u0438\u0445 \u0448\u0430\u0444, \u0432\u0456\u0434\u043a\u0440\u0438\u0442\u0438\u0445 \u0441\u0442\u0435\u043b\u0430\u0436\u0456\u0432, \u0441\u0442\u043e\u043b\u0443, \u0441\u0442\u0456\u043b\u044c\u0446\u0456\u0432, \u0440\u043e\u0431\u043e\u0447\u043e\u0457 \u043f\u043e\u0432\u0435\u0440\u0445\u043d\u0456.<\/p>\n<p>\u041d\u0435\u0437\u0432\u0430\u0436\u0430\u044e\u0447\u0438 \u043d\u0430 \u0442\u0435, \u0449\u043e \u0446\u0435 \u0437\u0434\u0430\u0454\u0442\u044c\u0441\u044f \u043f\u0440\u043e\u0441\u0442\u0438\u043c, \u043d\u0435 \u043c\u0430\u044e\u0447\u0438 \u0434\u043e\u0441\u0432\u0456\u0434\u0443 \u0443 \u0432\u0438\u043a\u043e\u043d\u0430\u043d\u043d\u0456 \u0442\u0430\u043a\u043e\u0433\u043e \u0440\u043e\u0434\u0443 \u0440\u043e\u0431\u0456\u0442, \u043b\u044e\u0434\u0438 \u0447\u0430\u0441\u0442\u043e \u043f\u0440\u0438\u043f\u0443\u0441\u043a\u0430\u044e\u0442\u044c\u0441\u044f \u043f\u043e\u043c\u0438\u043b\u043e\u043a, \u0432\u0438\u043f\u0440\u0430\u0432\u043b\u0435\u043d\u043d\u044f \u044f\u043a\u0438\u0445 \u043a\u043e\u0448\u0442\u0443\u0454 \u0434\u043e\u0440\u043e\u0433\u043e. \u0414\u043e\u0446\u0456\u043b\u044c\u043d\u0456\u0448\u0435 \u0432\u0438\u043a\u043b\u0438\u043a\u0430\u0442\u0438 \u0434\u0438\u0437\u0430\u0439\u043d\u0435\u0440\u0430 \u0432 \u0431\u0443\u0434\u0438\u043d\u043e\u043a.<\/p>\n\n\t\t<\/div>\n\t<\/div>\n<\/div><\/div><div class=\"vc_tta-panel\" id=\"1551624573684-bbcb699f-09e3\" data-vc-content=\".vc_tta-panel-body\"><div class=\"vc_tta-panel-heading\"><h4 class=\"vc_tta-panel-title\"><a href=\"#1551624573684-bbcb699f-09e3\" data-vc-accordion data-vc-container=\".vc_tta-container\"><span class=\"vc_tta-title-text\">\u0414\u0438\u0437\u0430\u0439\u043d-\u043f\u0440\u043e\u0435\u043a\u0442<\/span><\/a><\/h4><\/div><div class=\"vc_tta-panel-body\"><div class=\"vc_empty_space\"   style=\"height: 5px\" ><span class=\"vc_empty_space_inner\"><\/span><\/div>\n<h4 style=\"text-align: left\" class=\"vc_custom_heading\" >\u0420\u043e\u0437\u0440\u043e\u0431\u043a\u0430 \u0434\u0438\u0437\u0430\u0439\u043d-\u043f\u0440\u043e\u0435\u043a\u0442\u0443<\/h4>\n\t<div class=\"wpb_text_column wpb_content_element\" >\n\t\t<div class=\"wpb_wrapper\">\n\t\t\t<p>\u041f\u0440\u043e\u0444\u0435\u0441\u0456\u0439\u043d\u0456 \u0434\u0438\u0437\u0430\u0439\u043d-\u043c\u0435\u043d\u0435\u0434\u0436\u0435\u0440\u0438 \u0440\u043e\u0437\u0440\u043e\u0431\u043b\u044f\u0442\u044c \u0434\u043b\u044f \u0432\u0430\u0441 \u0456\u043d\u0434\u0438\u0432\u0456\u0434\u0443\u0430\u043b\u044c\u043d\u0438\u0439 \u0434\u0438\u0437\u0430\u0439\u043d-\u043f\u0440\u043e\u0435\u043a\u0442.<\/p>\n<p>\u0412\u0438\u043a\u043e\u0440\u0438\u0441\u0442\u043e\u0432\u0443\u044e\u0447\u0438 \u0434\u0430\u043d\u0456, \u043e\u0442\u0440\u0438\u043c\u0430\u043d\u0456 \u043f\u0456\u0434 \u0447\u0430\u0441 \u0432\u0438\u043c\u0456\u0440\u044e\u0432\u0430\u043d\u043d\u044f \u043f\u0440\u043e\u0441\u0442\u043e\u0440\u0456\u0432, \u043c\u0435\u043d\u0435\u0434\u0436\u0435\u0440:<\/p>\n\n\t\t<\/div>\n\t<\/div>\n<div class=\"ic-inner small\"><div class=\"icon-holder\"><div class=\"circle-text noborder\"  style='color:#d5ac63;'><i class=\"fa fa-check-square-o\"><\/i><\/div><\/div><div class=\"text-holder\"><h4 >\u041f\u0456\u0434\u0431\u0435\u0440\u0435 \u043c\u043e\u0434\u0435\u043b\u044c \u043a\u0443\u0445\u043e\u043d\u043d\u043e\u0433\u043e \u0433\u0430\u0440\u043d\u0456\u0442\u0443\u0440\u0430<\/h4><\/div><\/div><div class=\"ic-inner small\"><div class=\"icon-holder\"><div class=\"circle-text noborder\"  style='color:#d5ac63;'><i class=\"fa fa-check-square-o\"><\/i><\/div><\/div><div class=\"text-holder\"><h4 >\u041d\u0430\u0434\u0430\u0439\u0442\u0435 \u043f\u0440\u0430\u0432\u0438\u043b\u044c\u043d\u0456 \u0430\u043a\u0441\u0435\u0441\u0443\u0430\u0440\u0438, \u043e\u0431\u043b\u0430\u0434\u043d\u0430\u043d\u043d\u044f \u0442\u0430 \u0433\u0440\u0443\u043f\u0443 \u0441\u0442\u043e\u043b\u0456\u0432<\/h4><\/div><\/div><div class=\"ic-inner small\"><div class=\"icon-holder\"><div class=\"circle-text noborder\"  style='color:#d5ac63;'><i class=\"fa fa-check-square-o\"><\/i><\/div><\/div><div class=\"text-holder\"><h4 >\u0417\u0440\u043e\u0431\u0456\u0442\u044c \u0442\u043e\u0447\u043d\u0438\u0439 \u0440\u043e\u0437\u0440\u0430\u0445\u0443\u043d\u043e\u043a \u0432\u0430\u0440\u0442\u043e\u0441\u0442\u0456 \u043f\u0440\u043e\u0434\u0443\u043a\u0442\u0443<\/h4><\/div><\/div><div class=\"ic-inner small\"><div class=\"icon-holder\"><div class=\"circle-text noborder\"  style='color:#d5ac63;'><i class=\"fa fa-check-square-o\"><\/i><\/div><\/div><div class=\"text-holder\"><h4 >\u0417\u0430\u043f\u0443\u0441\u0442\u0438\u0442\u044c \u043f\u0440\u043e\u0435\u043a\u0442 \u0443 \u0432\u0438\u0440\u043e\u0431\u043d\u0438\u0446\u0442\u0432\u043e<\/h4><\/div><\/div><div class=\"ic-inner small\"><div class=\"icon-holder\"><div class=\"circle-text noborder\"  style='color:#d5ac63;'><i class=\"fa fa-check-square-o\"><\/i><\/div><\/div><div class=\"text-holder\"><h4 >\u0421\u043a\u043b\u0430\u0434\u0435 \u0434\u043e\u0433\u043e\u0432\u0456\u0440<\/h4><\/div><\/div><\/div><\/div><\/div><\/div><\/div><\/div><div class=\"vc_empty_space\"   style=\"height: 40px\" ><span class=\"vc_empty_space_inner\"><\/span><\/div>\n<\/div><\/div><\/div><\/div><\/div><div  class=\"vc_row wpb_row vc_row-fluid vc_row-o-equal-height vc_row-flex\"><div class=\"full_width\"><div class=\"wpb_column vc_column_container vc_col-sm-6\"><div class=\"vc_column-inner vc_custom_1551617801608\"><div class=\"wpb_wrapper\"><div class=\"vc_empty_space\"   style=\"height: 106px;min-height:40px\" ><span class=\"vc_empty_space_inner\"><\/span><\/div>\n<h6 style=\"text-align: left\" class=\"vc_custom_heading\" >\u041f\u043e\u0441\u043b\u0443\u0433\u0438 \u0434\u0438\u0437\u0430\u0439\u043d\u0435\u0440\u0430<\/h6><h2 style=\"text-align: left\" class=\"vc_custom_heading\" >\u041c\u0435\u0431\u043b\u0456 \u0434\u043b\u044f \u043f\u0435\u0440\u0435\u0434\u043f\u043e\u043a\u043e\u0457\u0432, \u0441\u043f\u0430\u043b\u0435\u043d\u044c, \u0432\u0456\u0442\u0430\u043b\u0435\u043d\u044c \u0442\u043e\u0449\u043e<\/h2><div class=\"sep_iner\"><div class=\"up_separator wpb_animate_when_almost_visible wpb_appear appear sep_border\" style=\"margin-top:10px;margin-bottom:20px;width:62px;border-color:#d5ac63;border-width:3px;\"><\/div><\/div>\n\t<div  class=\"wpb_single_image wpb_content_element vc_align_left\">\n\t\t\n\t\t<figure class=\"wpb_wrapper vc_figure\">\n\t\t\t<div class=\"vc_single_image-wrapper   vc_box_border_grey\"><img fetchpriority=\"high\" decoding=\"async\" width=\"433\" height=\"135\" src=\"https:\/\/sevini.md\/wp-content\/uploads\/2019\/03\/m_lo.jpg\" class=\"vc_single_image-img attachment-full\" alt=\"\" srcset=\"https:\/\/sevini.md\/wp-content\/uploads\/2019\/03\/m_lo.jpg 433w, https:\/\/sevini.md\/wp-content\/uploads\/2019\/03\/m_lo-300x94.jpg 300w, https:\/\/sevini.md\/wp-content\/uploads\/2019\/03\/m_lo-200x62.jpg 200w\" sizes=\"(max-width: 433px) 100vw, 433px\" \/><\/div>\n\t\t<\/figure>\n\t<\/div>\n<div class=\"vc_empty_space\"   style=\"height: 20px\" ><span class=\"vc_empty_space_inner\"><\/span><\/div>\n\n\t<div class=\"wpb_text_column wpb_content_element\" >\n\t\t<div class=\"wpb_wrapper\">\n\t\t\t<p>\u0414\u043b\u044f \u0442\u043e\u0433\u043e, \u0449\u043e\u0431 \u043d\u0430\u0448\u0456 \u043c\u0435\u0431\u043b\u0456 \u0431\u0443\u043b\u0438 \u043d\u0435 \u0442\u0456\u043b\u044c\u043a\u0438 \u0437\u0440\u0443\u0447\u043d\u0438\u043c\u0438, \u0430\u043b\u0435 \u0439 \u0440\u0430\u0434\u0443\u0432\u0430\u043b\u0438 \u043e\u043a\u043e, \u0434\u0438\u0437\u0430\u0439\u043d\u0435\u0440\u0438 \u201eSEVINI\u201d \u0437\u0430\u0432\u0436\u0434\u0438 \u0433\u043e\u0442\u043e\u0432\u0456 \u0434\u043e\u043f\u043e\u043c\u043e\u0433\u0442\u0438 \u0432\u0430\u043c \u0440\u0435\u0430\u043b\u0456\u0437\u0443\u0432\u0430\u0442\u0438 \u0432\u0430\u0448\u0443 \u0456\u043d\u0442\u0435\u0440'\u0454\u0440\u043d\u0443 \u0456\u0434\u0435\u044e.<\/p>\n<p>\u041d\u0430\u0448\u0456 \u0434\u0438\u0437\u0430\u0439\u043d\u0435\u0440\u0438 \u043c\u0430\u044e\u0442\u044c \u0432\u0435\u043b\u0438\u043a\u0438\u0439 \u0434\u043e\u0441\u0432\u0456\u0434 \u0443 \u0440\u043e\u0437\u0440\u043e\u0431\u0446\u0456 \u0442\u0430 \u043f\u0440\u043e\u0435\u043a\u0442\u0443\u0432\u0430\u043d\u043d\u0456 \u0440\u0456\u0437\u043d\u043e\u043c\u0430\u043d\u0456\u0442\u043d\u0438\u0445 \u043f\u0440\u0435\u0434\u043c\u0435\u0442\u0456\u0432 \u0456\u043d\u0442\u0435\u0440'\u0454\u0440\u0443, \u043f\u043e\u0441\u0442\u0456\u0439\u043d\u0438\u0439 \u043c\u043e\u043d\u0456\u0442\u043e\u0440\u0438\u043d\u0433 \u0441\u0432\u0456\u0442\u043e\u0432\u0438\u0445 \u0442\u0435\u043d\u0434\u0435\u043d\u0446\u0456\u0439 \u0443 \u0441\u0444\u0435\u0440\u0456 \u043c\u0435\u0431\u043b\u0456\u0432 \u0442\u0430 \u0434\u0438\u0437\u0430\u0439\u043d\u0443 \u0456\u043d\u0442\u0435\u0440'\u0454\u0440\u0443 \u0434\u043e\u0437\u0432\u043e\u043b\u044f\u0454 \u043d\u0430\u043c \u0441\u0442\u0432\u043e\u0440\u044e\u0432\u0430\u0442\u0438 \u043c\u0435\u0431\u043b\u0456 \u043d\u0430 \u0437\u0430\u043c\u043e\u0432\u043b\u0435\u043d\u043d\u044f \u0437\u0430 \u043d\u0430\u0439\u0432\u0438\u0449\u0438\u043c\u0438 \u0441\u0442\u0430\u043d\u0434\u0430\u0440\u0442\u0430\u043c\u0438 \u044f\u043a\u043e\u0441\u0442\u0456.<\/p>\n<p>\u041c\u0438 \u0437\u0430\u0432\u0436\u0434\u0438 \u0432\u0456\u0434\u043a\u0440\u0438\u0442\u0456 \u0434\u043e \u0432\u0430\u0448\u0438\u0445 \u0456\u0434\u0435\u0439 \u0456 \u0433\u043e\u0442\u043e\u0432\u0456 \u0432\u0437\u044f\u0442\u0438\u0441\u044f \u0437\u0430 \u0440\u0435\u0430\u043b\u0456\u0437\u0430\u0446\u0456\u044e \u043d\u0430\u0432\u0456\u0442\u044c \u043d\u0430\u0439\u0431\u0456\u043b\u044c\u0448 \u043d\u0435\u0441\u0442\u0430\u043d\u0434\u0430\u0440\u0442\u043d\u0438\u0445 \u0432\u0430\u0440\u0456\u0430\u043d\u0442\u0456\u0432.<\/p>\n<p>\u0414\u0438\u0437\u0430\u0439\u043d\u0435\u0440\u0438 \u201eSEVINI\u201d \u0434\u043e\u043f\u043e\u043c\u043e\u0436\u0443\u0442\u044c \u0432\u0430\u043c \u0440\u043e\u0437\u0456\u0431\u0440\u0430\u0442\u0438\u0441\u044f \u0432 \u0448\u0438\u0440\u043e\u043a\u043e\u043c\u0443 \u0430\u0441\u043e\u0440\u0442\u0438\u043c\u0435\u043d\u0442\u0456 \u043d\u0430\u0448\u043e\u0457 \u043a\u043e\u043c\u043f\u0430\u043d\u0456\u0457. \u0412\u043e\u043d\u0438 \u043f\u0456\u0434\u0431\u0435\u0440\u0443\u0442\u044c \u043c\u0430\u0442\u0435\u0440\u0456\u0430\u043b\u0438, \u044f\u043a\u0456 \u043d\u0430\u0439\u0431\u0456\u043b\u044c\u0448\u0435 \u0432\u0456\u0434\u043f\u043e\u0432\u0456\u0434\u0430\u044e\u0442\u044c \u0441\u0442\u0438\u043b\u044e \u0432\u0430\u0448\u043e\u0433\u043e \u043f\u0440\u0438\u043c\u0456\u0449\u0435\u043d\u043d\u044f. \u0410 \u0442\u0430\u043a\u043e\u0436 \u0434\u043e\u043f\u043e\u043c\u043e\u0436\u0443\u0442\u044c \u0432\u0438\u0437\u043d\u0430\u0447\u0438\u0442\u0438 \u043d\u0430\u0439\u043a\u0440\u0430\u0449\u0435 \u043f\u043e\u0454\u0434\u043d\u0430\u043d\u043d\u044f \u043a\u043e\u043b\u044c\u043e\u0440\u0456\u0432.<\/p>\n<p>\u0412\u043e\u043d\u0438 \u0437\u0440\u043e\u0431\u043b\u044f\u0442\u044c \u0433\u0440\u0430\u0444\u0456\u0447\u043d\u0438\u0439 \u0434\u0438\u0437\u0430\u0439\u043d \u0432\u0430\u0448\u0438\u0445 \u043c\u0430\u0439\u0431\u0443\u0442\u043d\u0456\u0445 \u043c\u0435\u0431\u043b\u0456\u0432. \u0414\u0438\u0437\u0430\u0439\u043d \u043c\u0435\u0431\u043b\u0456\u0432 \u0434\u043b\u044f \u0432\u0430\u0448\u043e\u0457 \u043a\u0456\u043c\u043d\u0430\u0442\u0438 \u043c\u043e\u0436\u0435 \u0431\u0443\u0442\u0438 \u0440\u043e\u0437\u0440\u043e\u0431\u043b\u0435\u043d\u0438\u0439 \u044f\u043a \u0434\u043b\u044f \u043f\u043e\u0432\u043d\u0456\u0441\u0442\u044e \u043d\u0435\u043e\u0431\u0441\u0442\u0430\u0432\u043b\u0435\u043d\u043e\u0433\u043e \u043f\u0440\u0438\u043c\u0456\u0449\u0435\u043d\u043d\u044f, \u0434\u0435 \u0449\u0435 \u043d\u0435\u043c\u0430\u0454 \u0436\u043e\u0434\u043d\u043e\u0433\u043e \u043f\u0440\u0435\u0434\u043c\u0435\u0442\u0430 \u043c\u0435\u0431\u043b\u0456\u0432, \u0442\u0430\u043a \u0456 \u0434\u043b\u044f \u043c\u0435\u0431\u043b\u044c\u043e\u0432\u0430\u043d\u043e\u0433\u043e \u0456\u043d\u0442\u0435\u0440'\u0454\u0440\u0443.<\/p>\n<p>\u0421\u043a\u043e\u0440\u0438\u0441\u0442\u0430\u0432\u0448\u0438\u0441\u044c \u043d\u0430\u0448\u0438\u043c \u0431\u0435\u0437\u043a\u043e\u0448\u0442\u043e\u0432\u043d\u0438\u043c \u0441\u0435\u0440\u0432\u0456\u0441\u043e\u043c \u0441\u0442\u0432\u043e\u0440\u0435\u043d\u043d\u044f \u0434\u0438\u0437\u0430\u0439\u043d\u0443, \u0432\u0438 \u043e\u0442\u0440\u0438\u043c\u0430\u0454\u0442\u0435 \u043d\u0435 \u043b\u0438\u0448\u0435 \u0444\u0443\u043d\u043a\u0446\u0456\u043e\u043d\u0430\u043b\u044c\u043d\u0438\u0439 \u043f\u0440\u0435\u0434\u043c\u0435\u0442 \u043c\u0435\u0431\u043b\u0456\u0432, \u0430\u043b\u0435 \u0439 \u0442\u0430\u043a\u0438\u0439, \u0449\u043e \u0434\u043e\u0431\u0440\u0435 \u0432\u043f\u0438\u0448\u0435\u0442\u044c\u0441\u044f \u0443 \u0432\u0430\u0448 \u043f\u0435\u0440\u0435\u0434\u043f\u043e\u043a\u0456\u0439, \u0441\u043f\u0430\u043b\u044c\u043d\u044e \u0447\u0438 \u0432\u0456\u0442\u0430\u043b\u044c\u043d\u044e.<\/p>\n\n\t\t<\/div>\n\t<\/div>\n<div class=\"vc_empty_space\"   style=\"height: 50px;min-height:40px\" ><span class=\"vc_empty_space_inner\"><\/span><\/div>\n<div class=\"vc_empty_space\"   style=\"height: 116px;min-height:50px\" ><span class=\"vc_empty_space_inner\"><\/span><\/div>\n<\/div><\/div><\/div><div class=\"no padding wpb_column vc_column_container vc_col-sm-6 vc_col-has-fill\"><div class=\"vc_column-inner vc_custom_1553444117532\"><div class=\"wpb_wrapper\"><div class=\"vc_empty_space\"   style=\"height: 65px;min-height:400px\" ><span class=\"vc_empty_space_inner\"><\/span><\/div>\n<\/div><\/div><\/div><\/div><\/div>","protected":false},"excerpt":{"rendered":"Proiecte de design individualeElaborarea mobilierului \u00eenso\u021bit\u0103 de un designer Consulta\u021bieM\u0103surareProiect de designConsulta\u021bieConsulta\u021bie gratuit\u0103 Apel\u00e2nd la num\u0103rul 060 800 33378, ve\u021bi primi o consulta\u021bie preliminar\u0103 de la specialistul nostru. Lucr\u0103torii no\u0219tri v\u0103 vor ajuta la alegerea materialului, vor face un calcul al costurilor, v\u0103 vor informa referitor la timpul de produc\u021bie \u0219i vor emite o cerere pentru chemarea unui proiectant la obiect, care va veni cu mostre de materiale, va face o m\u0103surare exact\u0103 a camerei \u0219i va discuta cu dvs. toate dorin\u021bele dumneavoastr\u0103. M\u0103surare Plecarea proiectantului la obiect M\u0103surarea corect\u0103 a buc\u0103t\u0103riei v\u0103 permite s\u0103 utiliza\u021bi \u00een mod ra\u021bional fiecare &hellip; <a href=\"https:\/\/sevini.md\/uk\/proiectare\/\">\u041f\u0440\u043e\u0434\u043e\u0432\u0436\u0435\u043d\u043d\u044f<\/a>","protected":false},"author":1,"featured_media":0,"parent":0,"menu_order":0,"comment_status":"closed","ping_status":"closed","template":"page-fullwidth.php","meta":{"inline_featured_image":false,"footnotes":""},"class_list":["post-5343","page","type-page","status-publish","hentry"],"_links":{"self":[{"href":"https:\/\/sevini.md\/uk\/wp-json\/wp\/v2\/pages\/5343","targetHints":{"allow":["GET"]}}],"collection":[{"href":"https:\/\/sevini.md\/uk\/wp-json\/wp\/v2\/pages"}],"about":[{"href":"https:\/\/sevini.md\/uk\/wp-json\/wp\/v2\/types\/page"}],"author":[{"embeddable":true,"href":"https:\/\/sevini.md\/uk\/wp-json\/wp\/v2\/users\/1"}],"replies":[{"embeddable":true,"href":"https:\/\/sevini.md\/uk\/wp-json\/wp\/v2\/comments?post=5343"}],"version-history":[{"count":1,"href":"https:\/\/sevini.md\/uk\/wp-json\/wp\/v2\/pages\/5343\/revisions"}],"predecessor-version":[{"id":7770,"href":"https:\/\/sevini.md\/uk\/wp-json\/wp\/v2\/pages\/5343\/revisions\/7770"}],"wp:attachment":[{"href":"https:\/\/sevini.md\/uk\/wp-json\/wp\/v2\/media?parent=5343"}],"curies":[{"name":"wp","href":"https:\/\/api.w.org\/{rel}","templated":true}]}}