{"id":8171,"date":"2023-07-18T18:24:25","date_gmt":"2023-07-18T18:24:25","guid":{"rendered":"https:\/\/coral-lyrebird-819743.hostingersite.com\/?page_id=8171"},"modified":"2023-07-18T18:34:14","modified_gmt":"2023-07-18T18:34:14","slug":"multumim","status":"publish","type":"page","link":"https:\/\/sevini.md\/uk\/multumim\/","title":{"rendered":"Mul\u021bumim"},"content":{"rendered":"<section id=\"top-lead-form\" class=\"vc_section top-lead-form vc_custom_1689704825594 vc_section-has-fill vc_row-o-full-height vc_section-o-content-middle vc_section-flex\"><div  class=\"vc_row wpb_row vc_row-fluid vc_row-o-equal-height vc_row-flex\"><div class=\"vc_container\"><div class=\"wpb_column vc_column_container vc_col-sm-12\"><div class=\"vc_column-inner\"><div class=\"wpb_wrapper\"><div class=\"vc_empty_space\"   style=\"height: 70px;min-height:40px\" ><span class=\"vc_empty_space_inner\"><\/span><\/div>\n<h1 style=\"color: #ffffff;text-align: center\" class=\"vc_custom_heading tin\" >Mul\u021bumim pentru mesajul dumneavoastr\u0103!<\/h1><div class=\"sep_iner\"><div class=\"up_separator wpb_animate_when_almost_visible wpb_appear appear sep_border bpc\" style=\"margin-top:10px;margin-bottom:15px;width:62px;border-color:#d5ac63;border-width:3px;\"><\/div><\/div><h2 style=\"color: #ffffff;text-align: center\" class=\"vc_custom_heading tin\" >Unul dintre consultan\u021bii no\u0219tri va lua leg\u0103tura cu dumneavoastr\u0103 \u00een cel mai scurt timp.<\/h2><div class=\"vc_empty_space\"   style=\"height: 70px;min-height:40px\" ><span class=\"vc_empty_space_inner\"><\/span><\/div>\n<\/div><\/div><\/div><\/div><\/div><\/section>","protected":false},"excerpt":{"rendered":"Mul\u021bumim pentru mesajul dumneavoastr\u0103!Unul dintre consultan\u021bii no\u0219tri va lua leg\u0103tura cu dumneavoastr\u0103 \u00een cel mai scurt timp.","protected":false},"author":1,"featured_media":0,"parent":0,"menu_order":0,"comment_status":"closed","ping_status":"closed","template":"page-fullwidth.php","meta":{"inline_featured_image":false,"footnotes":""},"class_list":["post-8171","page","type-page","status-publish","hentry"],"_links":{"self":[{"href":"https:\/\/sevini.md\/uk\/wp-json\/wp\/v2\/pages\/8171","targetHints":{"allow":["GET"]}}],"collection":[{"href":"https:\/\/sevini.md\/uk\/wp-json\/wp\/v2\/pages"}],"about":[{"href":"https:\/\/sevini.md\/uk\/wp-json\/wp\/v2\/types\/page"}],"author":[{"embeddable":true,"href":"https:\/\/sevini.md\/uk\/wp-json\/wp\/v2\/users\/1"}],"replies":[{"embeddable":true,"href":"https:\/\/sevini.md\/uk\/wp-json\/wp\/v2\/comments?post=8171"}],"version-history":[{"count":1,"href":"https:\/\/sevini.md\/uk\/wp-json\/wp\/v2\/pages\/8171\/revisions"}],"predecessor-version":[{"id":8172,"href":"https:\/\/sevini.md\/uk\/wp-json\/wp\/v2\/pages\/8171\/revisions\/8172"}],"wp:attachment":[{"href":"https:\/\/sevini.md\/uk\/wp-json\/wp\/v2\/media?parent=8171"}],"curies":[{"name":"wp","href":"https:\/\/api.w.org\/{rel}","templated":true}]}}